{"id":817,"date":"2019-07-10T05:41:42","date_gmt":"2019-07-10T05:41:42","guid":{"rendered":"http:\/\/dev.kodesolution.work\/personal\/j\/industryee\/demo\/?page_id=817"},"modified":"2022-09-22T00:02:24","modified_gmt":"2022-09-21T22:02:24","slug":"about-us6","status":"publish","type":"page","link":"https:\/\/anaentreprise.fr\/?page_id=817","title":{"rendered":"Cuisine"},"content":{"rendered":"<p>[vc_row full_width=&#8221;stretch_row&#8221; equal_height=&#8221;yes&#8221; content_placement=&#8221;middle&#8221; enable_overlay=&#8221;enable_overlay_value&#8221; overlay_color=&#8221;rgba(255,255,255,0.66)&#8221; el_class=&#8221;overflow-visible&#8221; paroller_image=&#8221;&#8221; css=&#8221;.vc_custom_1574944042389{padding-top: 50px !important;padding-bottom: 0px !important;}&#8221;][vc_column width=&#8221;1\/2&#8243;][tmvc_element_holder]<h5 class=\"tm-sc tm-sc-line-with-text  line-after-title  \">\r\n\t\r\n\t<span class=\"horizontal-text \" style=\"\">Qualit\u00e9 au Meilleur Prix<\/span>\r\n\r\n\t<span class=\"horizontal-line \" style=\"\"><\/span>\r\n<\/h5>\r\n<div class=\"tm-sc tm-sc-section-title section-title section-title-style1 text-left    \">\r\n\t<div class=\"title-wrapper\">\r\n\t\t\t\t\t\t<h2 class=\"title \" >\r\n\r\n\t\t\r\n\t\t\t\t<span class=\"\">Vente &amp; Pose<\/span>\r\n\t\t\r\n\t\t\t\t<span class=\"text-theme-colored1\">Cuisine<\/span>\r\n\t\t\r\n\t\t\r\n\t<\/h2>\r\n\t<div class=\"title-seperator-line\"><\/div>\t\t\t\r\n\t\t\t\t<\/div>\r\n<\/div>[\/tmvc_element_holder][\/vc_column][vc_column width=&#8221;1\/2&#8243;][vc_column_text]ANA Entreprise est votre partenaire pour la conception sur mesure, la vente et l\u2019installation de mobiliers de cuisine modernes de grande qualit\u00e9.[\/vc_column_text][\/vc_column][\/vc_row][vc_row full_width=&#8221;stretch_row&#8221; equal_height=&#8221;yes&#8221; content_placement=&#8221;middle&#8221; enable_overlay=&#8221;enable_overlay_value&#8221; overlay_color=&#8221;rgba(255,255,255,0.66)&#8221; el_class=&#8221;overflow-visible&#8221; paroller_image=&#8221;&#8221; css=&#8221;.vc_custom_1574944068946{padding-top: 0px !important;padding-bottom: 0px !important;}&#8221;][vc_column width=&#8221;1\/4&#8243;]\r\n<div class=\"tm-sc tm-sc-icon-box icon-box icon-top tm-iconbox-icontype-image text-left iconbox-centered-in-responsive icon-position-icon-top   vc_custom_1663792991292\"  style=\"\">\r\n\t\r\n  \t<div class=\"icon-box-wrapper\">\r\n\t\t<div class=\"icon-wrapper\">\r\n\t\t\t\t\t\t\t\t\t<a class=\"icon icon-type-image  icon-default   \" \r\n\t\t\t\r\n\t\t\t\t\t\t\t\t>\r\n\t\t\t<img decoding=\"async\" src=\"https:\/\/anaentreprise.fr\/wp-content\/uploads\/2019\/11\/40.png\"  alt=\"Image\">\t\t<\/a>\r\n\t\t\t\t<\/div>\r\n\t\t<div class=\"icon-text\">\r\n\t\t\t\r\n\t\t\t\t<h4 class=\"icon-box-title \" >\r\n\t\t\t\t\t\t\tMeubles de Qualit\u00e9\t\t\t\t\t<\/h4>\r\n\t\t\t\t\t\r\n\t\t\t<div class=\"content\"><p>Meuble de fabrication de grande qualit\u00e9.<br \/>\nSolide et r\u00e9sistant.<\/p>\n<\/div>\t\t\t\r\n\t\t\t\t\t<\/div>\r\n\t\t<div class=\"clearfix\"><\/div>\r\n\t<\/div>\r\n<\/div>[\/vc_column][vc_column width=&#8221;1\/4&#8243;]\r\n<div class=\"tm-sc tm-sc-icon-box icon-box icon-top tm-iconbox-icontype-image text-left iconbox-centered-in-responsive icon-position-icon-top   vc_custom_1663794014651\"  style=\"\">\r\n\t\r\n  \t<div class=\"icon-box-wrapper\">\r\n\t\t<div class=\"icon-wrapper\">\r\n\t\t\t\t\t\t\t\t\t<a class=\"icon icon-type-image  icon-default   \" \r\n\t\t\t\r\n\t\t\t\t\t\t\t\t>\r\n\t\t\t<img decoding=\"async\" src=\"https:\/\/anaentreprise.fr\/wp-content\/uploads\/2019\/11\/36.png\"  alt=\"Image\">\t\t<\/a>\r\n\t\t\t\t<\/div>\r\n\t\t<div class=\"icon-text\">\r\n\t\t\t\r\n\t\t\t\t<h5 class=\"icon-box-title \" >\r\n\t\t\t\t\t\t\t100 % Satisfaction\t\t\t\t\t<\/h5>\r\n\t\t\t\t\t\r\n\t\t\t<div class=\"content\"><p>Nos meubles vous apporteront une enti\u00e8re satisfaction au quotidien.<\/p>\n<\/div>\t\t\t\r\n\t\t\t\t\t<\/div>\r\n\t\t<div class=\"clearfix\"><\/div>\r\n\t<\/div>\r\n<\/div>[\/vc_column][vc_column width=&#8221;1\/4&#8243;]\r\n<div class=\"tm-sc tm-sc-icon-box icon-box icon-top tm-iconbox-icontype-image text-left iconbox-centered-in-responsive icon-position-icon-top   vc_custom_1663794035432\"  style=\"\">\r\n\t\r\n  \t<div class=\"icon-box-wrapper\">\r\n\t\t<div class=\"icon-wrapper\">\r\n\t\t\t\t\t\t\t\t\t<a class=\"icon icon-type-image  icon-default   \" \r\n\t\t\t\r\n\t\t\t\t\t\t\t\t>\r\n\t\t\t<img decoding=\"async\" src=\"https:\/\/anaentreprise.fr\/wp-content\/uploads\/2019\/11\/39.png\"  alt=\"Image\">\t\t<\/a>\r\n\t\t\t\t<\/div>\r\n\t\t<div class=\"icon-text\">\r\n\t\t\t\r\n\t\t\t\t<h4 class=\"icon-box-title \" >\r\n\t\t\t\t\t\t\tPose compl\u00e8te\t\t\t\t\t<\/h4>\r\n\t\t\t\t\t\r\n\t\t\t<div class=\"content\"><p>La pose de votre cuisine est effectu\u00e9e avec la plus grande attention.<\/p>\n<\/div>\t\t\t\r\n\t\t\t\t\t<\/div>\r\n\t\t<div class=\"clearfix\"><\/div>\r\n\t<\/div>\r\n<\/div>[\/vc_column][vc_column width=&#8221;1\/4&#8243;]\r\n<div class=\"tm-sc tm-sc-icon-box icon-box icon-top tm-iconbox-icontype-image text-left iconbox-centered-in-responsive icon-position-icon-top   vc_custom_1663794157496\"  style=\"\">\r\n\t\r\n  \t<div class=\"icon-box-wrapper\">\r\n\t\t<div class=\"icon-wrapper\">\r\n\t\t\t\t\t\t\t\t\t<a class=\"icon icon-type-image  icon-default   \" \r\n\t\t\t\r\n\t\t\t\t\t\t\t\t>\r\n\t\t\t<img decoding=\"async\" src=\"https:\/\/anaentreprise.fr\/wp-content\/uploads\/2019\/11\/35.png\"  alt=\"Image\">\t\t<\/a>\r\n\t\t\t\t<\/div>\r\n\t\t<div class=\"icon-text\">\r\n\t\t\t\r\n\t\t\t\t<h4 class=\"icon-box-title \" >\r\n\t\t\t\t\t\t\tDesign\t\t\t\t\t<\/h4>\r\n\t\t\t\t\t\r\n\t\t\t<div class=\"content\"><p>Optimisez vos espaces et modernisez avec nos meubles contemporains.<\/p>\n<\/div>\t\t\t\r\n\t\t\t\t\t<\/div>\r\n\t\t<div class=\"clearfix\"><\/div>\r\n\t<\/div>\r\n<\/div>[\/vc_column][\/vc_row][vc_section][vc_row][vc_column css=&#8221;.vc_custom_1663797733897{margin-top: -100px !important;margin-bottom: -30px !important;border-top-width: -30px !important;border-bottom-width: -30px !important;padding-top: -30px !important;padding-bottom: -30px !important;}&#8221;][\/vc_column][\/vc_row][\/vc_section][vc_row][vc_column width=&#8221;1\/2&#8243; css=&#8221;.vc_custom_1663797617905{margin-top: -150px !important;border-top-width: -50px !important;padding-top: -50px !important;}&#8221;][vc_single_image image=&#8221;21380&#8243; img_size=&#8221;large&#8221;][\/vc_column][vc_column width=&#8221;1\/2&#8243;][vc_column_text el_class=&#8221;mb-40&#8243;]<\/p>\n<h3>La cuisine : espace de vie incontournable<\/h3>\n<p>[\/vc_column_text][vc_column_text el_class=&#8221;mb-40&#8243;]UNE CUISINE AUTHENTIQUE La cuisine est une des pi\u00e8ces importantes de votre maison. Aussi, nous nous engageons \u00e0 vous fournir un travail soign\u00e9 suivant vos crit\u00e8res et vos exigences. Pour un mod\u00e8le <strong>traditionnel<\/strong> ou <strong>contemporain<\/strong>, nous adaptons votre cuisine \u00e0 vos besoins et \u00e0 l\u2019agencement de votre int\u00e9rieur. Nous vous assurons une cuisine qui correspond \u00e0 votre go\u00fbt, que ce soit sur le choix de couleur ou sur les mat\u00e9riels.[\/vc_column_text]<div class=\"tm-sc tm-sc-button  \">\r\n\t<a  href=\"https:\/\/anaentreprise.fr\/?page_id=490\" \r\n\t\ttarget=\"_self\"\r\n\t\tclass=\"btn btn-theme-colored1\">\r\n\t\t\t\tDemandez un Devis\t\t\t<\/a>\r\n<\/div>[\/vc_column][\/vc_row][vc_row full_width=&#8221;stretch_row&#8221; add_bg_overlay=&#8221;yes&#8221; bg_overlay_color=&#8221;theme-colored1&#8243; bg_overlay_color_opacity=&#8221;5&#8243; bg_type=&#8221;image&#8221; parallax_style=&#8221;vcpb-default&#8221; bg_image_new=&#8221;id^20533|url^http:\/\/wp.kodesolution.live\/corporate\/business\/renovat\/v2\/wp-content\/uploads\/sites\/8\/2019\/09\/side-bg1.jpg|caption^null|alt^null|title^side-bg1|description^null&#8221; enable_overlay=&#8221;enable_overlay_value&#8221; overlay_color=&#8221;rgba(0,44,66,0.8)&#8221; paroller_image=&#8221;&#8221;][vc_column css=&#8221;.vc_custom_1663797705954{margin-top: -130px !important;padding-top: 0px !important;}&#8221;][vc_row_inner el_class=&#8221;p-50 pt-70 pb-70 p-sm-20 pt-sm-40 pb-sm-40 box-shadow-50&#8243; css=&#8221;.vc_custom_1570735617126{background-color: #ffffff !important;}&#8221;][vc_column_inner el_class=&#8221;mb-sm-60&#8243; width=&#8221;1\/2&#8243; css=&#8221;.vc_custom_1570735731710{padding-top: 0px !important;}&#8221;][vc_column_text css=&#8221;.vc_custom_1663795310476{margin-bottom: 20px !important;}&#8221;]<\/p>\n<h3>Demandez un Devis gratuit<\/h3>\n<p>[\/vc_column_text][vc_column_text]Trouvez la cuisine de vos r\u00eaves au meilleur Prix ![\/vc_column_text][vc_custom_heading text=&#8221;Email&#8221; font_container=&#8221;tag:h5|text_align:left&#8221; use_theme_fonts=&#8221;yes&#8221; el_class=&#8221;font-weight-800&#8243;][vc_custom_heading text=&#8221;contact@anaentreprise.fr&#8221; font_container=&#8221;tag:h4|font_size:18px|text_align:left&#8221; use_theme_fonts=&#8221;yes&#8221; el_class=&#8221;text-gray-darkgray font-weight-500&#8243;][vc_empty_space height=&#8221;12px&#8221;][vc_custom_heading text=&#8221;T\u00e9l\u00e9phone&#8221; font_container=&#8221;tag:h5|text_align:left&#8221; use_theme_fonts=&#8221;yes&#8221; el_class=&#8221;font-weight-800&#8243;][vc_custom_heading text=&#8221;07 71 08 35 02&#8243; font_container=&#8221;tag:h4|font_size:18px|text_align:left&#8221; use_theme_fonts=&#8221;yes&#8221; el_class=&#8221;text-gray-darkgray font-weight-500&#8243;][vc_empty_space height=&#8221;12px&#8221;][vc_custom_heading text=&#8221;Adresse&#8221; font_container=&#8221;tag:h5|text_align:left&#8221; use_theme_fonts=&#8221;yes&#8221; el_class=&#8221;font-weight-800&#8243;][vc_custom_heading text=&#8221;1 RUE JULES VERNE 01100 BELLIGNAT&#8221; font_container=&#8221;tag:h4|font_size:18px|text_align:left&#8221; use_theme_fonts=&#8221;yes&#8221; el_class=&#8221;text-gray-darkgray font-weight-500&#8243;][\/vc_column_inner][vc_column_inner width=&#8221;1\/2&#8243; css=&#8221;.vc_custom_1570735204628{padding-top: 0px !important;}&#8221;]<div role=\"form\" class=\"wpcf7\" id=\"wpcf7-f20639-o1\" lang=\"en-US\" dir=\"ltr\">\n<div class=\"screen-reader-response\"><p role=\"status\" aria-live=\"polite\" aria-atomic=\"true\"><\/p> <ul><\/ul><\/div>\n<form action=\"\/index.php?rest_route=%2Fwp%2Fv2%2Fpages%2F817#wpcf7-f20639-o1\" method=\"post\" class=\"wpcf7-form init\" novalidate=\"novalidate\" data-status=\"init\">\n<div style=\"display: none;\">\n<input type=\"hidden\" name=\"_wpcf7\" value=\"20639\" \/>\n<input type=\"hidden\" name=\"_wpcf7_version\" value=\"5.5.6.1\" \/>\n<input type=\"hidden\" name=\"_wpcf7_locale\" value=\"en_US\" \/>\n<input type=\"hidden\" name=\"_wpcf7_unit_tag\" value=\"wpcf7-f20639-o1\" \/>\n<input type=\"hidden\" name=\"_wpcf7_container_post\" value=\"0\" \/>\n<input type=\"hidden\" name=\"_wpcf7_posted_data_hash\" value=\"\" \/>\n<\/div>\n<div class=\"tm-contact-form-transparent pr-0\">\n<div class=\"row\">\n<div class=\"col-md-6\">\n\t    <span class=\"wpcf7-form-control-wrap your-name\"><input type=\"text\" name=\"your-name\" value=\"\" size=\"40\" class=\"wpcf7-form-control wpcf7-text wpcf7-validates-as-required\" aria-required=\"true\" aria-invalid=\"false\" placeholder=\"Nom Pr\u00e9nom*\" \/><\/span>\n\t<\/div>\n<div class=\"col-md-6\">\n\t    <span class=\"wpcf7-form-control-wrap your-email\"><input type=\"email\" name=\"your-email\" value=\"\" size=\"40\" class=\"wpcf7-form-control wpcf7-text wpcf7-email wpcf7-validates-as-required wpcf7-validates-as-email\" aria-required=\"true\" aria-invalid=\"false\" placeholder=\"Email*\" \/><\/span>\n\t<\/div>\n<div class=\"col-md-6\">\n\t    <span class=\"wpcf7-form-control-wrap your-phone\"><input type=\"text\" name=\"your-phone\" value=\"\" size=\"40\" class=\"wpcf7-form-control wpcf7-text wpcf7-validates-as-required\" aria-required=\"true\" aria-invalid=\"false\" placeholder=\"T\u00e9l\u00e9phone*\" \/><\/span>\n\t<\/div>\n<div class=\"col-md-6\">\n\t    <span class=\"wpcf7-form-control-wrap your-subject\"><input type=\"text\" name=\"your-subject\" value=\"\" size=\"40\" class=\"wpcf7-form-control wpcf7-text\" aria-invalid=\"false\" placeholder=\"Sujet\" \/><\/span>\n\t<\/div>\n<div class=\"col-md-12\">\n            <span class=\"wpcf7-form-control-wrap textarea\"><textarea name=\"textarea\" cols=\"40\" rows=\"3\" class=\"wpcf7-form-control wpcf7-textarea wpcf7-validates-as-required\" aria-required=\"true\" aria-invalid=\"false\" placeholder=\"Message*\"><\/textarea><\/span>\n\t<\/div>\n<div class=\"col-md-12\">\n\t\t<input type=\"submit\" value=\"Envoyer\" class=\"wpcf7-form-control has-spinner wpcf7-submit btn btn-theme-colored1 btn-round\" \/>\n\t<\/div>\n<\/div>\n<\/div>\n<p style=\"display: none !important;\"><label>&#916;<textarea name=\"_wpcf7_ak_hp_textarea\" cols=\"45\" rows=\"8\" maxlength=\"100\"><\/textarea><\/label><input type=\"hidden\" id=\"ak_js\" name=\"_wpcf7_ak_js\" value=\"183\"\/><script>document.getElementById( \"ak_js\" ).setAttribute( \"value\", ( new Date() ).getTime() );<\/script><\/p><div class=\"wpcf7-response-output\" aria-hidden=\"true\"><\/div><\/form><\/div>[\/vc_column_inner][\/vc_row_inner][\/vc_column][\/vc_row]<\/p>\n","protected":false},"excerpt":{"rendered":"<p>[vc_row full_width=&#8221;stretch_row&#8221; equal_height=&#8221;yes&#8221; content_placement=&#8221;middle&#8221; enable_overlay=&#8221;enable_overlay_value&#8221; overlay_color=&#8221;rgba(255,255,255,0.66)&#8221; el_class=&#8221;overflow-visible&#8221; paroller_image=&#8221;&#8221; css=&#8221;.vc_custom_1574944042389{padding-top: 50px !important;padding-bottom: 0px !important;}&#8221;][vc_column width=&#8221;1\/2&#8243;][tmvc_element_holder][\/tmvc_element_holder][\/vc_column][vc_column width=&#8221;1\/2&#8243;][vc_column_text]ANA Entreprise est votre partenaire pour&#8230;<\/p>\n","protected":false},"author":1,"featured_media":0,"parent":18867,"menu_order":0,"comment_status":"closed","ping_status":"closed","template":"","meta":{"_monsterinsights_skip_tracking":false,"_monsterinsights_sitenote_active":false,"_monsterinsights_sitenote_note":"","_monsterinsights_sitenote_category":0,"footnotes":""},"class_list":["post-817","page","type-page","status-publish","hentry"],"_links":{"self":[{"href":"https:\/\/anaentreprise.fr\/index.php?rest_route=\/wp\/v2\/pages\/817","targetHints":{"allow":["GET"]}}],"collection":[{"href":"https:\/\/anaentreprise.fr\/index.php?rest_route=\/wp\/v2\/pages"}],"about":[{"href":"https:\/\/anaentreprise.fr\/index.php?rest_route=\/wp\/v2\/types\/page"}],"author":[{"embeddable":true,"href":"https:\/\/anaentreprise.fr\/index.php?rest_route=\/wp\/v2\/users\/1"}],"replies":[{"embeddable":true,"href":"https:\/\/anaentreprise.fr\/index.php?rest_route=%2Fwp%2Fv2%2Fcomments&post=817"}],"version-history":[{"count":12,"href":"https:\/\/anaentreprise.fr\/index.php?rest_route=\/wp\/v2\/pages\/817\/revisions"}],"predecessor-version":[{"id":22167,"href":"https:\/\/anaentreprise.fr\/index.php?rest_route=\/wp\/v2\/pages\/817\/revisions\/22167"}],"up":[{"embeddable":true,"href":"https:\/\/anaentreprise.fr\/index.php?rest_route=\/wp\/v2\/pages\/18867"}],"wp:attachment":[{"href":"https:\/\/anaentreprise.fr\/index.php?rest_route=%2Fwp%2Fv2%2Fmedia&parent=817"}],"curies":[{"name":"wp","href":"https:\/\/api.w.org\/{rel}","templated":true}]}}