{"id":470,"date":"2019-07-06T14:16:37","date_gmt":"2019-07-06T14:16:37","guid":{"rendered":"http:\/\/dev.kodesolution.work\/personal\/j\/industryee\/demo\/?page_id=470"},"modified":"2022-06-28T16:55:56","modified_gmt":"2022-06-28T14:55:56","slug":"service-grid","status":"publish","type":"page","link":"https:\/\/anaentreprise.fr\/?page_id=470","title":{"rendered":"Nos services"},"content":{"rendered":"<p>[vc_row full_width=&#8221;stretch_row&#8221; css_animation=&#8221;none&#8221; paroller_image=&#8221;&#8221; el_class=&#8221;bg-silver-light&#8221;][vc_column css=&#8221;.vc_custom_1533360398048{padding-top: 0px !important;}&#8221;][vc_row_inner][vc_column_inner css=&#8221;.vc_custom_1532694172834{padding-right: 0px !important;padding-left: 0px !important;}&#8221;]\r\n\t<div class=\"tm-sc tm-sc-services tm-sc-services-grid services-style-current-theme  \">\r\n\t\t\r\n\t\r\n\t\t<!-- Isotope Gallery Grid -->\r\n\t\t<div id=\"services-holder-740282\" class=\"isotope-layout grid-3 clearfix\">\r\n\t\t\t<div class=\"isotope-layout-inner\">\r\n\r\n                <!-- the loop -->\r\n                                                <div class=\"isotope-item carrelage\">\r\n                    \r\n\t\t\t<div id=\"post-22116\" class=\"tm-service post-22116 services type-services status-publish has-post-thumbnail hentry services_category-carrelage\" >\r\n\t\t\t\t\t\t\t\t\t<div class=\"thumb\">\r\n\t\t\t\t\t\t<div class=\"thumb-inner\">\r\n\t\t\t\t\t\t\t<img loading=\"lazy\" decoding=\"async\" width=\"672\" height=\"448\" src=\"https:\/\/anaentreprise.fr\/wp-content\/uploads\/2022\/06\/1654438797648-672x448.jpg\" class=\"img-fullwidth wp-post-image\" alt=\"\" srcset=\"https:\/\/anaentreprise.fr\/wp-content\/uploads\/2022\/06\/1654438797648-672x448.jpg 672w, https:\/\/anaentreprise.fr\/wp-content\/uploads\/2022\/06\/1654438797648-260x173.jpg 260w, https:\/\/anaentreprise.fr\/wp-content\/uploads\/2022\/06\/1654438797648-360x240.jpg 360w, https:\/\/anaentreprise.fr\/wp-content\/uploads\/2022\/06\/1654438797648-560x373.jpg 560w\" sizes=\"auto, (max-width: 672px) 100vw, 672px\" \/>\t\t\t\t\t\t<\/div>\r\n\t\t\t\t\t<\/div>\r\n\t\t\t\t\t<div class=\"details\">\r\n\t\t\t\t\t\t\t\t\t\t\t\t\t\t\t\t\t\t<h5 class=\"title\"><a href=\"https:\/\/anaentreprise.fr\/?services=carrelage\">Carrelage<\/a><\/h5>\r\n\t\t\t\t\t\t\t\t\t\t\t\t\t\t\t\t\t\t\t\t\t\t\t\t\t\t\t\t\t<\/div>\r\n\t\t\t\t\t\t\t<\/div>                <\/div>\r\n                                                <div class=\"isotope-item platerie\">\r\n                    \r\n\t\t\t<div id=\"post-47\" class=\"tm-service post-47 services type-services status-publish has-post-thumbnail hentry services_category-platerie\" >\r\n\t\t\t\t\t\t\t\t\t<div class=\"thumb\">\r\n\t\t\t\t\t\t<div class=\"thumb-inner\">\r\n\t\t\t\t\t\t\t<img loading=\"lazy\" decoding=\"async\" width=\"672\" height=\"448\" src=\"https:\/\/anaentreprise.fr\/wp-content\/uploads\/2022\/06\/1654438798685-672x448.jpg\" class=\"img-fullwidth wp-post-image\" alt=\"Platerie\" srcset=\"https:\/\/anaentreprise.fr\/wp-content\/uploads\/2022\/06\/1654438798685-672x448.jpg 672w, https:\/\/anaentreprise.fr\/wp-content\/uploads\/2022\/06\/1654438798685-260x173.jpg 260w, https:\/\/anaentreprise.fr\/wp-content\/uploads\/2022\/06\/1654438798685-360x240.jpg 360w, https:\/\/anaentreprise.fr\/wp-content\/uploads\/2022\/06\/1654438798685-560x373.jpg 560w\" sizes=\"auto, (max-width: 672px) 100vw, 672px\" \/>\t\t\t\t\t\t<\/div>\r\n\t\t\t\t\t<\/div>\r\n\t\t\t\t\t<div class=\"details\">\r\n\t\t\t\t\t\t\t\t\t\t\t\t\t\t\t\t\t\t<h5 class=\"title\"><a href=\"https:\/\/anaentreprise.fr\/?services=kitchen-remodel\">Pl\u00e2trerie<\/a><\/h5>\r\n\t\t\t\t\t\t\t\t\t\t\t\t\t\t\t\t\t\t\t\t\t\t\t\t\t\t\t\t\t<\/div>\r\n\t\t\t\t\t\t\t<\/div>                <\/div>\r\n                                                <div class=\"isotope-item revetement-sol-et-mur\">\r\n                    \r\n\t\t\t<div id=\"post-46\" class=\"tm-service post-46 services type-services status-publish has-post-thumbnail hentry services_category-revetement-sol-et-mur\" >\r\n\t\t\t\t\t\t\t\t\t<div class=\"thumb\">\r\n\t\t\t\t\t\t<div class=\"thumb-inner\">\r\n\t\t\t\t\t\t\t<img loading=\"lazy\" decoding=\"async\" width=\"672\" height=\"448\" src=\"https:\/\/anaentreprise.fr\/wp-content\/uploads\/2019\/09\/bg14-672x448.jpg\" class=\"img-fullwidth wp-post-image\" alt=\"\" srcset=\"https:\/\/anaentreprise.fr\/wp-content\/uploads\/2019\/09\/bg14-672x448.jpg 672w, https:\/\/anaentreprise.fr\/wp-content\/uploads\/2019\/09\/bg14-300x200.jpg 300w, https:\/\/anaentreprise.fr\/wp-content\/uploads\/2019\/09\/bg14-1024x683.jpg 1024w, https:\/\/anaentreprise.fr\/wp-content\/uploads\/2019\/09\/bg14-768x512.jpg 768w, https:\/\/anaentreprise.fr\/wp-content\/uploads\/2019\/09\/bg14-1536x1024.jpg 1536w, https:\/\/anaentreprise.fr\/wp-content\/uploads\/2019\/09\/bg14-1100x733.jpg 1100w, https:\/\/anaentreprise.fr\/wp-content\/uploads\/2019\/09\/bg14-260x173.jpg 260w, https:\/\/anaentreprise.fr\/wp-content\/uploads\/2019\/09\/bg14-360x240.jpg 360w, https:\/\/anaentreprise.fr\/wp-content\/uploads\/2019\/09\/bg14-560x373.jpg 560w, https:\/\/anaentreprise.fr\/wp-content\/uploads\/2019\/09\/bg14.jpg 1920w\" sizes=\"auto, (max-width: 672px) 100vw, 672px\" \/>\t\t\t\t\t\t<\/div>\r\n\t\t\t\t\t<\/div>\r\n\t\t\t\t\t<div class=\"details\">\r\n\t\t\t\t\t\t\t\t\t\t\t\t\t\t\t\t\t\t<h5 class=\"title\"><a href=\"https:\/\/anaentreprise.fr\/?services=home-renovation\">Rev\u00eatement sol et mur<\/a><\/h5>\r\n\t\t\t\t\t\t\t\t\t\t\t\t\t\t\t\t\t\t\t\t\t\t\t\t\t\t\t\t\t<\/div>\r\n\t\t\t\t\t\t\t<\/div>                <\/div>\r\n                                                <div class=\"isotope-item peinture\">\r\n                    \r\n\t\t\t<div id=\"post-45\" class=\"tm-service post-45 services type-services status-publish has-post-thumbnail hentry services_category-peinture\" >\r\n\t\t\t\t\t\t\t\t\t<div class=\"thumb\">\r\n\t\t\t\t\t\t<div class=\"thumb-inner\">\r\n\t\t\t\t\t\t\t<img loading=\"lazy\" decoding=\"async\" width=\"672\" height=\"448\" src=\"https:\/\/anaentreprise.fr\/wp-content\/uploads\/2019\/09\/bg11-672x448.jpg\" class=\"img-fullwidth wp-post-image\" alt=\"\" srcset=\"https:\/\/anaentreprise.fr\/wp-content\/uploads\/2019\/09\/bg11-672x448.jpg 672w, https:\/\/anaentreprise.fr\/wp-content\/uploads\/2019\/09\/bg11-300x200.jpg 300w, https:\/\/anaentreprise.fr\/wp-content\/uploads\/2019\/09\/bg11-1024x683.jpg 1024w, https:\/\/anaentreprise.fr\/wp-content\/uploads\/2019\/09\/bg11-768x512.jpg 768w, https:\/\/anaentreprise.fr\/wp-content\/uploads\/2019\/09\/bg11-1536x1024.jpg 1536w, https:\/\/anaentreprise.fr\/wp-content\/uploads\/2019\/09\/bg11-1100x733.jpg 1100w, https:\/\/anaentreprise.fr\/wp-content\/uploads\/2019\/09\/bg11-260x173.jpg 260w, https:\/\/anaentreprise.fr\/wp-content\/uploads\/2019\/09\/bg11-360x240.jpg 360w, https:\/\/anaentreprise.fr\/wp-content\/uploads\/2019\/09\/bg11-560x373.jpg 560w, https:\/\/anaentreprise.fr\/wp-content\/uploads\/2019\/09\/bg11.jpg 1920w\" sizes=\"auto, (max-width: 672px) 100vw, 672px\" \/>\t\t\t\t\t\t<\/div>\r\n\t\t\t\t\t<\/div>\r\n\t\t\t\t\t<div class=\"details\">\r\n\t\t\t\t\t\t\t\t\t\t\t\t\t\t\t\t\t\t<h5 class=\"title\"><a href=\"https:\/\/anaentreprise.fr\/?services=home-repair\">Peinture<\/a><\/h5>\r\n\t\t\t\t\t\t\t\t\t\t\t\t\t\t\t\t\t\t\t\t\t\t\t\t\t\t\t\t\t<\/div>\r\n\t\t\t\t\t\t\t<\/div>                <\/div>\r\n                                                <div class=\"isotope-item isolation\">\r\n                    \r\n\t\t\t<div id=\"post-44\" class=\"tm-service post-44 services type-services status-publish has-post-thumbnail hentry services_category-isolation\" >\r\n\t\t\t\t\t\t\t\t\t<div class=\"thumb\">\r\n\t\t\t\t\t\t<div class=\"thumb-inner\">\r\n\t\t\t\t\t\t\t<img loading=\"lazy\" decoding=\"async\" width=\"672\" height=\"448\" src=\"https:\/\/anaentreprise.fr\/wp-content\/uploads\/2019\/09\/bg15-672x448.jpg\" class=\"img-fullwidth wp-post-image\" alt=\"\" srcset=\"https:\/\/anaentreprise.fr\/wp-content\/uploads\/2019\/09\/bg15-672x448.jpg 672w, https:\/\/anaentreprise.fr\/wp-content\/uploads\/2019\/09\/bg15-300x200.jpg 300w, https:\/\/anaentreprise.fr\/wp-content\/uploads\/2019\/09\/bg15-1024x683.jpg 1024w, https:\/\/anaentreprise.fr\/wp-content\/uploads\/2019\/09\/bg15-768x512.jpg 768w, https:\/\/anaentreprise.fr\/wp-content\/uploads\/2019\/09\/bg15-1536x1024.jpg 1536w, https:\/\/anaentreprise.fr\/wp-content\/uploads\/2019\/09\/bg15-1100x733.jpg 1100w, https:\/\/anaentreprise.fr\/wp-content\/uploads\/2019\/09\/bg15-260x173.jpg 260w, https:\/\/anaentreprise.fr\/wp-content\/uploads\/2019\/09\/bg15-360x240.jpg 360w, https:\/\/anaentreprise.fr\/wp-content\/uploads\/2019\/09\/bg15-560x373.jpg 560w, https:\/\/anaentreprise.fr\/wp-content\/uploads\/2019\/09\/bg15.jpg 1920w\" sizes=\"auto, (max-width: 672px) 100vw, 672px\" \/>\t\t\t\t\t\t<\/div>\r\n\t\t\t\t\t<\/div>\r\n\t\t\t\t\t<div class=\"details\">\r\n\t\t\t\t\t\t\t\t\t\t\t\t\t\t\t\t\t\t<h5 class=\"title\"><a href=\"https:\/\/anaentreprise.fr\/?services=painting\">Isolation<\/a><\/h5>\r\n\t\t\t\t\t\t\t\t\t\t\t\t\t\t\t\t\t\t\t\t\t\t\t\t\t\t\t\t\t<\/div>\r\n\t\t\t\t\t\t\t<\/div>                <\/div>\r\n                                                <div class=\"isotope-item carrelage isolation peinture platerie revetement-sol-et-mur\">\r\n                    \r\n\t\t\t<div id=\"post-43\" class=\"tm-service post-43 services type-services status-publish has-post-thumbnail hentry services_category-carrelage services_category-isolation services_category-peinture services_category-platerie services_category-revetement-sol-et-mur\" >\r\n\t\t\t\t\t\t\t\t\t<div class=\"thumb\">\r\n\t\t\t\t\t\t<div class=\"thumb-inner\">\r\n\t\t\t\t\t\t\t<img loading=\"lazy\" decoding=\"async\" width=\"672\" height=\"448\" src=\"https:\/\/anaentreprise.fr\/wp-content\/uploads\/2019\/09\/bg9-672x448.jpg\" class=\"img-fullwidth wp-post-image\" alt=\"\" srcset=\"https:\/\/anaentreprise.fr\/wp-content\/uploads\/2019\/09\/bg9-672x448.jpg 672w, https:\/\/anaentreprise.fr\/wp-content\/uploads\/2019\/09\/bg9-300x200.jpg 300w, https:\/\/anaentreprise.fr\/wp-content\/uploads\/2019\/09\/bg9-1024x683.jpg 1024w, https:\/\/anaentreprise.fr\/wp-content\/uploads\/2019\/09\/bg9-768x512.jpg 768w, https:\/\/anaentreprise.fr\/wp-content\/uploads\/2019\/09\/bg9-1536x1024.jpg 1536w, https:\/\/anaentreprise.fr\/wp-content\/uploads\/2019\/09\/bg9-1100x733.jpg 1100w, https:\/\/anaentreprise.fr\/wp-content\/uploads\/2019\/09\/bg9-260x173.jpg 260w, https:\/\/anaentreprise.fr\/wp-content\/uploads\/2019\/09\/bg9-360x240.jpg 360w, https:\/\/anaentreprise.fr\/wp-content\/uploads\/2019\/09\/bg9-560x373.jpg 560w, https:\/\/anaentreprise.fr\/wp-content\/uploads\/2019\/09\/bg9.jpg 1920w\" sizes=\"auto, (max-width: 672px) 100vw, 672px\" \/>\t\t\t\t\t\t<\/div>\r\n\t\t\t\t\t<\/div>\r\n\t\t\t\t\t<div class=\"details\">\r\n\t\t\t\t\t\t\t\t\t\t\t\t\t\t\t\t\t\t<h5 class=\"title\"><a href=\"https:\/\/anaentreprise.fr\/?services=windows-doors\">R\u00e9novation g\u00e9n\u00e9rale<\/a><\/h5>\r\n\t\t\t\t\t\t\t\t\t\t\t\t\t\t\t\t\t\t\t\t\t\t\t\t\t\t\t\t\t<\/div>\r\n\t\t\t\t\t\t\t<\/div>                <\/div>\r\n                                <!-- end of the loop -->\r\n\t\t\t<\/div>\r\n\t\t<\/div>\r\n\t\t\t<\/div>\r\n\t\t\r\n\t\r\n\t\r\n[\/vc_column_inner][\/vc_row_inner][vc_empty_space][vc_column_text]<\/p>\n<h5 style=\"text-align: center;\">N&#8217;attendez plus pour vos travaux de r\u00e9novation, contactez-nous !<\/h5>\n<p>[\/vc_column_text]<div class=\"tm-sc tm-sc-button text-center  \">\r\n\t<a  href=\"https:\/\/anaentreprise.fr\/?page_id=490\" \r\n\t\ttarget=\"_blank\"\r\n\t\tclass=\"btn btn-theme-colored1 btn-round\">\r\n\t\t\t\tDemandez-nous un devis\t\t\t<\/a>\r\n<\/div>[\/vc_column][\/vc_row]<\/p>\n","protected":false},"excerpt":{"rendered":"<p>[vc_row full_width=&#8221;stretch_row&#8221; css_animation=&#8221;none&#8221; paroller_image=&#8221;&#8221; el_class=&#8221;bg-silver-light&#8221;][vc_column css=&#8221;.vc_custom_1533360398048{padding-top: 0px !important;}&#8221;][vc_row_inner][vc_column_inner css=&#8221;.vc_custom_1532694172834{padding-right: 0px !important;padding-left: 0px !important;}&#8221;][\/vc_column_inner][\/vc_row_inner][vc_empty_space][vc_column_text] N&#8217;attendez plus pour vos travaux de r\u00e9novation,&#8230;<\/p>\n","protected":false},"author":1,"featured_media":0,"parent":18867,"menu_order":0,"comment_status":"closed","ping_status":"closed","template":"","meta":{"_monsterinsights_skip_tracking":false,"_monsterinsights_sitenote_active":false,"_monsterinsights_sitenote_note":"","_monsterinsights_sitenote_category":0,"footnotes":""},"class_list":["post-470","page","type-page","status-publish","hentry"],"_links":{"self":[{"href":"https:\/\/anaentreprise.fr\/index.php?rest_route=\/wp\/v2\/pages\/470","targetHints":{"allow":["GET"]}}],"collection":[{"href":"https:\/\/anaentreprise.fr\/index.php?rest_route=\/wp\/v2\/pages"}],"about":[{"href":"https:\/\/anaentreprise.fr\/index.php?rest_route=\/wp\/v2\/types\/page"}],"author":[{"embeddable":true,"href":"https:\/\/anaentreprise.fr\/index.php?rest_route=\/wp\/v2\/users\/1"}],"replies":[{"embeddable":true,"href":"https:\/\/anaentreprise.fr\/index.php?rest_route=%2Fwp%2Fv2%2Fcomments&post=470"}],"version-history":[{"count":7,"href":"https:\/\/anaentreprise.fr\/index.php?rest_route=\/wp\/v2\/pages\/470\/revisions"}],"predecessor-version":[{"id":22130,"href":"https:\/\/anaentreprise.fr\/index.php?rest_route=\/wp\/v2\/pages\/470\/revisions\/22130"}],"up":[{"embeddable":true,"href":"https:\/\/anaentreprise.fr\/index.php?rest_route=\/wp\/v2\/pages\/18867"}],"wp:attachment":[{"href":"https:\/\/anaentreprise.fr\/index.php?rest_route=%2Fwp%2Fv2%2Fmedia&parent=470"}],"curies":[{"name":"wp","href":"https:\/\/api.w.org\/{rel}","templated":true}]}}