{"id":2832,"date":"2018-05-15T15:54:27","date_gmt":"2018-05-15T15:54:27","guid":{"rendered":"http:\/\/wp.kodesolution.work\/personal\/j\/charitab\/demo\/?page_id=2832"},"modified":"2022-06-08T02:18:53","modified_gmt":"2022-06-08T00:18:53","slug":"gallery-grid-fullwidth-3-columns","status":"publish","type":"page","link":"https:\/\/anaentreprise.fr\/?page_id=2832","title":{"rendered":"Nos r\u00e9alisations"},"content":{"rendered":"<p>[vc_row full_width=&#8221;stretch_row_content_no_spaces&#8221;][vc_column]\t<div class=\"tm-sc tm-sc-gallery tm-sc-gallery-grid gallery-style1-current-theme \">\r\n\t\t\r\n\t\t\t<!-- Isotope Filter -->\r\n\t<div class=\"isotope-layout-filter filter-style-2 text-center cat-filter-default\" data-link-with=\"gallery-holder-275334\">\r\n\t\t<a href=\"#\" class=\"active\" data-filter=\"*\">All<\/a>\r\n\t\t\t\t<a href=\"#revetement-sol-et-mur\" class=\"\" data-filter=\".revetement-sol-et-mur\">Rev\u00eatement sol et mur<\/a>\r\n\t\t\t\t<a href=\"#platrerie\" class=\"\" data-filter=\".platrerie\">Pl\u00e2trerie<\/a>\r\n\t\t\t\t<a href=\"#isolation\" class=\"\" data-filter=\".isolation\">Isolation<\/a>\r\n\t\t\t\t<a href=\"#peinture\" class=\"\" data-filter=\".peinture\">Peinture<\/a>\r\n\t\t\t\t<a href=\"#renovation-generale\" class=\"\" data-filter=\".renovation-generale\">R\u00e9novation g\u00e9n\u00e9rale<\/a>\r\n\t\t\t<\/div>\r\n\t<!-- End Isotope Filter -->\r\n\t\r\n\t\t<!-- Isotope Gallery Grid -->\r\n\t\t<div id=\"gallery-holder-275334\" class=\"isotope-layout grid-3 gutter clearfix lightgallery-lightbox\">\r\n\t\t\t<div class=\"isotope-layout-inner\">\r\n\t\t\t\t\r\n\t\t\t\t<!-- the loop -->\r\n\t\t\t\t\t\t\t\t\r\n\t\t\t\t<!-- Isotope Item Start -->\r\n\t\t\t\t<div class=\"isotope-item  revetement-sol-et-mur \">\r\n\t\t\t\t\t<div class=\"isotope-item-inner tm-gallery\">\r\n\t\t\t\t\t\t\r\n\t<div class=\"tm-gallery-inner\">\r\n\t\t\r\n\t\t\t\t\t\t\t\t<div class=\"thumb \">\r\n\t\t\t\t\t<a href=\"https:\/\/anaentreprise.fr\/?gallery-items=parquet-contrecolle\"><img loading=\"lazy\" decoding=\"async\" width=\"672\" height=\"448\" src=\"https:\/\/anaentreprise.fr\/wp-content\/uploads\/2023\/03\/Parquet_contre_colle_2-672x448.jpg\" class=\"attachment-post-thumbnail size-post-thumbnail wp-post-image\" alt=\"Parquet contrecoll\u00e9\" srcset=\"https:\/\/anaentreprise.fr\/wp-content\/uploads\/2023\/03\/Parquet_contre_colle_2-672x448.jpg 672w, https:\/\/anaentreprise.fr\/wp-content\/uploads\/2023\/03\/Parquet_contre_colle_2-260x173.jpg 260w, https:\/\/anaentreprise.fr\/wp-content\/uploads\/2023\/03\/Parquet_contre_colle_2-360x240.jpg 360w, https:\/\/anaentreprise.fr\/wp-content\/uploads\/2023\/03\/Parquet_contre_colle_2-560x373.jpg 560w\" sizes=\"auto, (max-width: 672px) 100vw, 672px\" \/><\/a>\r\n\t\t\t\t\t\r\n\t\t\t\t\t\t\t\t\t<\/div>\r\n\t\t\t\t\r\n\t\t<div class=\"tm-gallery-content-wrapper\">\r\n\t\t\t<div class=\"tm-gallery-content\">\r\n\t\t\t\t<div class=\"tm-gallery-content-inner\">\r\n\t\t\t\t\t\r\n\t\t\t<div class=\"icons-holder-inner\">\r\n\t\t\t\t<div class=\"styled-icons icon-dark icon-circled icon-theme-colored1\">\r\n\r\n\t\t\t\t\t\t\t\t\t\t<a class=\"lightgallery-trigger styled-icons-item\" data-exthumbimage=\"https:\/\/anaentreprise.fr\/wp-content\/uploads\/2023\/03\/Parquet_contre_colle_2.jpg\" data-src=\"https:\/\/anaentreprise.fr\/wp-content\/uploads\/2023\/03\/Parquet_contre_colle_2.jpg\" title=\"Parquet contrecoll\u00e9\" href=\"https:\/\/anaentreprise.fr\/wp-content\/uploads\/2023\/03\/Parquet_contre_colle_2.jpg\"><i class=\"fa fa-plus\"><\/i><\/a>\r\n\t\t\t\t\t\r\n\t\t\t\t\t\t\t\t\t\t<a class=\"styled-icons-item\" title=\"Parquet contrecoll\u00e9\" href=\"https:\/\/anaentreprise.fr\/?gallery-items=parquet-contrecolle\"><i class=\"fa fa-link\"><\/i><\/a>\r\n\t\t\t\t\t\t\t\t\t<\/div>\r\n\t\t\t<\/div>\t\t\t\t\t\t\t\t\t\t<div class=\"title-holder\">\r\n\t\t\t\t\t<h5 class=\"title\"><a href=\"https:\/\/anaentreprise.fr\/?gallery-items=parquet-contrecolle\">Parquet contrecoll\u00e9<\/a><\/h5>\r\n\t\t\t\t\t<\/div>\r\n\t\t\t\t\t\t\t\t\t\t\t\t\t\t\t\t\t\t\t\t\r\n\t\t\t\t\t\t\t\t<\/div>\r\n\t\t\t<\/div>\r\n\t\t<\/div>\r\n\t<\/div>\t\t\t\t\t<\/div>\r\n\t\t\t\t<\/div>\r\n\t\t\t\t<!-- Isotope Item End -->\r\n\t\t\t\t\t\t\t\t\r\n\t\t\t\t<!-- Isotope Item Start -->\r\n\t\t\t\t<div class=\"isotope-item  platrerie \">\r\n\t\t\t\t\t<div class=\"isotope-item-inner tm-gallery\">\r\n\t\t\t\t\t\t\r\n\t<div class=\"tm-gallery-inner\">\r\n\t\t\r\n\t\t\t\t\t\t\t\t<div class=\"thumb \">\r\n\t\t\t\t\t<a href=\"https:\/\/anaentreprise.fr\/?gallery-items=platrerie\"><img loading=\"lazy\" decoding=\"async\" width=\"672\" height=\"448\" src=\"https:\/\/anaentreprise.fr\/wp-content\/uploads\/2022\/06\/1654438798685-672x448.jpg\" class=\"attachment-post-thumbnail size-post-thumbnail wp-post-image\" alt=\"Platerie\" srcset=\"https:\/\/anaentreprise.fr\/wp-content\/uploads\/2022\/06\/1654438798685-672x448.jpg 672w, https:\/\/anaentreprise.fr\/wp-content\/uploads\/2022\/06\/1654438798685-260x173.jpg 260w, https:\/\/anaentreprise.fr\/wp-content\/uploads\/2022\/06\/1654438798685-360x240.jpg 360w, https:\/\/anaentreprise.fr\/wp-content\/uploads\/2022\/06\/1654438798685-560x373.jpg 560w\" sizes=\"auto, (max-width: 672px) 100vw, 672px\" \/><\/a>\r\n\t\t\t\t\t\r\n\t\t\t\t\t\t\t\t\t<\/div>\r\n\t\t\t\t\r\n\t\t<div class=\"tm-gallery-content-wrapper\">\r\n\t\t\t<div class=\"tm-gallery-content\">\r\n\t\t\t\t<div class=\"tm-gallery-content-inner\">\r\n\t\t\t\t\t\r\n\t\t\t<div class=\"icons-holder-inner\">\r\n\t\t\t\t<div class=\"styled-icons icon-dark icon-circled icon-theme-colored1\">\r\n\r\n\t\t\t\t\t\t\t\t\t\t<a class=\"lightgallery-trigger styled-icons-item\" data-exthumbimage=\"https:\/\/anaentreprise.fr\/wp-content\/uploads\/2022\/06\/1654438798685.jpg\" data-src=\"https:\/\/anaentreprise.fr\/wp-content\/uploads\/2022\/06\/1654438798685.jpg\" title=\"Pl\u00e2trerie\" href=\"https:\/\/anaentreprise.fr\/wp-content\/uploads\/2022\/06\/1654438798685.jpg\"><i class=\"fa fa-plus\"><\/i><\/a>\r\n\t\t\t\t\t\r\n\t\t\t\t\t\t\t\t\t\t<a class=\"styled-icons-item\" title=\"Pl\u00e2trerie\" href=\"https:\/\/anaentreprise.fr\/?gallery-items=platrerie\"><i class=\"fa fa-link\"><\/i><\/a>\r\n\t\t\t\t\t\t\t\t\t<\/div>\r\n\t\t\t<\/div>\t\t\t\t\t\t\t\t\t\t<div class=\"title-holder\">\r\n\t\t\t\t\t<h5 class=\"title\"><a href=\"https:\/\/anaentreprise.fr\/?gallery-items=platrerie\">Pl\u00e2trerie<\/a><\/h5>\r\n\t\t\t\t\t<\/div>\r\n\t\t\t\t\t\t\t\t\t\t\t\t\t\t\t\t\t\t\t\t\r\n\t\t\t\t\t\t\t\t<\/div>\r\n\t\t\t<\/div>\r\n\t\t<\/div>\r\n\t<\/div>\t\t\t\t\t<\/div>\r\n\t\t\t\t<\/div>\r\n\t\t\t\t<!-- Isotope Item End -->\r\n\t\t\t\t\t\t\t\t\r\n\t\t\t\t<!-- Isotope Item Start -->\r\n\t\t\t\t<div class=\"isotope-item  isolation \">\r\n\t\t\t\t\t<div class=\"isotope-item-inner tm-gallery\">\r\n\t\t\t\t\t\t\r\n\t<div class=\"tm-gallery-inner\">\r\n\t\t\r\n\t\t\t\t\t\t\t\t<div class=\"thumb \">\r\n\t\t\t\t\t<a href=\"https:\/\/anaentreprise.fr\/?gallery-items=gallery12\"><img loading=\"lazy\" decoding=\"async\" width=\"672\" height=\"448\" src=\"https:\/\/anaentreprise.fr\/wp-content\/uploads\/2022\/06\/1654438798025-672x448.jpg\" class=\"attachment-post-thumbnail size-post-thumbnail wp-post-image\" alt=\"\" srcset=\"https:\/\/anaentreprise.fr\/wp-content\/uploads\/2022\/06\/1654438798025-672x448.jpg 672w, https:\/\/anaentreprise.fr\/wp-content\/uploads\/2022\/06\/1654438798025-260x173.jpg 260w, https:\/\/anaentreprise.fr\/wp-content\/uploads\/2022\/06\/1654438798025-360x240.jpg 360w, https:\/\/anaentreprise.fr\/wp-content\/uploads\/2022\/06\/1654438798025-560x373.jpg 560w\" sizes=\"auto, (max-width: 672px) 100vw, 672px\" \/><\/a>\r\n\t\t\t\t\t\r\n\t\t\t\t\t\t\t\t\t<\/div>\r\n\t\t\t\t\r\n\t\t<div class=\"tm-gallery-content-wrapper\">\r\n\t\t\t<div class=\"tm-gallery-content\">\r\n\t\t\t\t<div class=\"tm-gallery-content-inner\">\r\n\t\t\t\t\t\r\n\t\t\t<div class=\"icons-holder-inner\">\r\n\t\t\t\t<div class=\"styled-icons icon-dark icon-circled icon-theme-colored1\">\r\n\r\n\t\t\t\t\t\t\t\t\t\t<a class=\"lightgallery-trigger styled-icons-item\" data-exthumbimage=\"https:\/\/anaentreprise.fr\/wp-content\/uploads\/2022\/06\/1654438798025.jpg\" data-src=\"https:\/\/anaentreprise.fr\/wp-content\/uploads\/2022\/06\/1654438798025.jpg\" title=\"Isolation\" href=\"https:\/\/anaentreprise.fr\/wp-content\/uploads\/2022\/06\/1654438798025.jpg\"><i class=\"fa fa-plus\"><\/i><\/a>\r\n\t\t\t\t\t\r\n\t\t\t\t\t\t\t\t\t\t<a class=\"styled-icons-item\" title=\"Isolation\" href=\"https:\/\/anaentreprise.fr\/?gallery-items=gallery12\"><i class=\"fa fa-link\"><\/i><\/a>\r\n\t\t\t\t\t\t\t\t\t<\/div>\r\n\t\t\t<\/div>\t\t\t\t\t\t\t\t\t\t<div class=\"title-holder\">\r\n\t\t\t\t\t<h5 class=\"title\"><a href=\"https:\/\/anaentreprise.fr\/?gallery-items=gallery12\">Isolation<\/a><\/h5>\r\n\t\t\t\t\t<\/div>\r\n\t\t\t\t\t\t\t\t\t\t\t\t\t\t\t\t\t\t\t\t\r\n\t\t\t\t\t\t\t\t<\/div>\r\n\t\t\t<\/div>\r\n\t\t<\/div>\r\n\t<\/div>\t\t\t\t\t<\/div>\r\n\t\t\t\t<\/div>\r\n\t\t\t\t<!-- Isotope Item End -->\r\n\t\t\t\t\t\t\t\t\r\n\t\t\t\t<!-- Isotope Item Start -->\r\n\t\t\t\t<div class=\"isotope-item  revetement-sol-et-mur \">\r\n\t\t\t\t\t<div class=\"isotope-item-inner tm-gallery\">\r\n\t\t\t\t\t\t\r\n\t<div class=\"tm-gallery-inner\">\r\n\t\t\r\n\t\t\t\t\t\t\t\t<div class=\"thumb \">\r\n\t\t\t\t\t<a href=\"https:\/\/anaentreprise.fr\/?gallery-items=gallery11\"><img loading=\"lazy\" decoding=\"async\" width=\"672\" height=\"448\" src=\"https:\/\/anaentreprise.fr\/wp-content\/uploads\/2022\/06\/1654438797751-672x448.jpg\" class=\"attachment-post-thumbnail size-post-thumbnail wp-post-image\" alt=\"\" srcset=\"https:\/\/anaentreprise.fr\/wp-content\/uploads\/2022\/06\/1654438797751-672x448.jpg 672w, https:\/\/anaentreprise.fr\/wp-content\/uploads\/2022\/06\/1654438797751-260x173.jpg 260w, https:\/\/anaentreprise.fr\/wp-content\/uploads\/2022\/06\/1654438797751-360x240.jpg 360w, https:\/\/anaentreprise.fr\/wp-content\/uploads\/2022\/06\/1654438797751-560x373.jpg 560w\" sizes=\"auto, (max-width: 672px) 100vw, 672px\" \/><\/a>\r\n\t\t\t\t\t\r\n\t\t\t\t\t\t\t\t\t<\/div>\r\n\t\t\t\t\r\n\t\t<div class=\"tm-gallery-content-wrapper\">\r\n\t\t\t<div class=\"tm-gallery-content\">\r\n\t\t\t\t<div class=\"tm-gallery-content-inner\">\r\n\t\t\t\t\t\r\n\t\t\t<div class=\"icons-holder-inner\">\r\n\t\t\t\t<div class=\"styled-icons icon-dark icon-circled icon-theme-colored1\">\r\n\r\n\t\t\t\t\t\t\t\t\t\t<a class=\"lightgallery-trigger styled-icons-item\" data-exthumbimage=\"https:\/\/anaentreprise.fr\/wp-content\/uploads\/2022\/06\/1654438797751.jpg\" data-src=\"https:\/\/anaentreprise.fr\/wp-content\/uploads\/2022\/06\/1654438797751.jpg\" title=\"Rev\u00eatement sol\" href=\"https:\/\/anaentreprise.fr\/wp-content\/uploads\/2022\/06\/1654438797751.jpg\"><i class=\"fa fa-plus\"><\/i><\/a>\r\n\t\t\t\t\t\r\n\t\t\t\t\t\t\t\t\t\t<a class=\"styled-icons-item\" title=\"Rev\u00eatement sol\" href=\"https:\/\/anaentreprise.fr\/?gallery-items=gallery11\"><i class=\"fa fa-link\"><\/i><\/a>\r\n\t\t\t\t\t\t\t\t\t<\/div>\r\n\t\t\t<\/div>\t\t\t\t\t\t\t\t\t\t<div class=\"title-holder\">\r\n\t\t\t\t\t<h5 class=\"title\"><a href=\"https:\/\/anaentreprise.fr\/?gallery-items=gallery11\">Rev\u00eatement sol<\/a><\/h5>\r\n\t\t\t\t\t<\/div>\r\n\t\t\t\t\t\t\t\t\t\t\t\t\t\t\t\t\t\t\t\t\r\n\t\t\t\t\t\t\t\t<\/div>\r\n\t\t\t<\/div>\r\n\t\t<\/div>\r\n\t<\/div>\t\t\t\t\t<\/div>\r\n\t\t\t\t<\/div>\r\n\t\t\t\t<!-- Isotope Item End -->\r\n\t\t\t\t\t\t\t\t\r\n\t\t\t\t<!-- Isotope Item Start -->\r\n\t\t\t\t<div class=\"isotope-item  peinture \">\r\n\t\t\t\t\t<div class=\"isotope-item-inner tm-gallery\">\r\n\t\t\t\t\t\t\r\n\t<div class=\"tm-gallery-inner\">\r\n\t\t\r\n\t\t\t\t\t\t\t\t<div class=\"thumb \">\r\n\t\t\t\t\t<a href=\"https:\/\/anaentreprise.fr\/?gallery-items=gallery10\"><img loading=\"lazy\" decoding=\"async\" width=\"672\" height=\"448\" src=\"https:\/\/anaentreprise.fr\/wp-content\/uploads\/2019\/09\/bg20-672x448.jpg\" class=\"attachment-post-thumbnail size-post-thumbnail wp-post-image\" alt=\"\" srcset=\"https:\/\/anaentreprise.fr\/wp-content\/uploads\/2019\/09\/bg20-672x448.jpg 672w, https:\/\/anaentreprise.fr\/wp-content\/uploads\/2019\/09\/bg20-300x200.jpg 300w, https:\/\/anaentreprise.fr\/wp-content\/uploads\/2019\/09\/bg20-1024x683.jpg 1024w, https:\/\/anaentreprise.fr\/wp-content\/uploads\/2019\/09\/bg20-768x512.jpg 768w, https:\/\/anaentreprise.fr\/wp-content\/uploads\/2019\/09\/bg20-1536x1024.jpg 1536w, https:\/\/anaentreprise.fr\/wp-content\/uploads\/2019\/09\/bg20-1100x733.jpg 1100w, https:\/\/anaentreprise.fr\/wp-content\/uploads\/2019\/09\/bg20-260x173.jpg 260w, https:\/\/anaentreprise.fr\/wp-content\/uploads\/2019\/09\/bg20-360x240.jpg 360w, https:\/\/anaentreprise.fr\/wp-content\/uploads\/2019\/09\/bg20-560x373.jpg 560w, https:\/\/anaentreprise.fr\/wp-content\/uploads\/2019\/09\/bg20.jpg 1920w\" sizes=\"auto, (max-width: 672px) 100vw, 672px\" \/><\/a>\r\n\t\t\t\t\t\r\n\t\t\t\t\t\t\t\t\t<\/div>\r\n\t\t\t\t\r\n\t\t<div class=\"tm-gallery-content-wrapper\">\r\n\t\t\t<div class=\"tm-gallery-content\">\r\n\t\t\t\t<div class=\"tm-gallery-content-inner\">\r\n\t\t\t\t\t\r\n\t\t\t<div class=\"icons-holder-inner\">\r\n\t\t\t\t<div class=\"styled-icons icon-dark icon-circled icon-theme-colored1\">\r\n\r\n\t\t\t\t\t\t\t\t\t\t<a class=\"lightgallery-trigger styled-icons-item\" data-exthumbimage=\"https:\/\/anaentreprise.fr\/wp-content\/uploads\/2019\/09\/bg20.jpg\" data-src=\"https:\/\/anaentreprise.fr\/wp-content\/uploads\/2019\/09\/bg20.jpg\" title=\"Peinture\" href=\"https:\/\/anaentreprise.fr\/wp-content\/uploads\/2019\/09\/bg20.jpg\"><i class=\"fa fa-plus\"><\/i><\/a>\r\n\t\t\t\t\t\r\n\t\t\t\t\t\t\t\t\t\t<a class=\"styled-icons-item\" title=\"Peinture\" href=\"https:\/\/anaentreprise.fr\/?gallery-items=gallery10\"><i class=\"fa fa-link\"><\/i><\/a>\r\n\t\t\t\t\t\t\t\t\t<\/div>\r\n\t\t\t<\/div>\t\t\t\t\t\t\t\t\t\t<div class=\"title-holder\">\r\n\t\t\t\t\t<h5 class=\"title\"><a href=\"https:\/\/anaentreprise.fr\/?gallery-items=gallery10\">Peinture<\/a><\/h5>\r\n\t\t\t\t\t<\/div>\r\n\t\t\t\t\t\t\t\t\t\t\t\t\t\t\t\t\t\t\t\t\r\n\t\t\t\t\t\t\t\t<\/div>\r\n\t\t\t<\/div>\r\n\t\t<\/div>\r\n\t<\/div>\t\t\t\t\t<\/div>\r\n\t\t\t\t<\/div>\r\n\t\t\t\t<!-- Isotope Item End -->\r\n\t\t\t\t\t\t\t\t\r\n\t\t\t\t<!-- Isotope Item Start -->\r\n\t\t\t\t<div class=\"isotope-item  peinture renovation-generale \">\r\n\t\t\t\t\t<div class=\"isotope-item-inner tm-gallery\">\r\n\t\t\t\t\t\t\r\n\t<div class=\"tm-gallery-inner\">\r\n\t\t\r\n\t\t\t\t\t\t\t\t<div class=\"thumb \">\r\n\t\t\t\t\t<a href=\"https:\/\/anaentreprise.fr\/?gallery-items=gallery8\"><img loading=\"lazy\" decoding=\"async\" width=\"672\" height=\"448\" src=\"https:\/\/anaentreprise.fr\/wp-content\/uploads\/2022\/06\/1654438797859-672x448.jpg\" class=\"attachment-post-thumbnail size-post-thumbnail wp-post-image\" alt=\"\" srcset=\"https:\/\/anaentreprise.fr\/wp-content\/uploads\/2022\/06\/1654438797859-672x448.jpg 672w, https:\/\/anaentreprise.fr\/wp-content\/uploads\/2022\/06\/1654438797859-260x173.jpg 260w, https:\/\/anaentreprise.fr\/wp-content\/uploads\/2022\/06\/1654438797859-360x240.jpg 360w, https:\/\/anaentreprise.fr\/wp-content\/uploads\/2022\/06\/1654438797859-560x373.jpg 560w\" sizes=\"auto, (max-width: 672px) 100vw, 672px\" \/><\/a>\r\n\t\t\t\t\t\r\n\t\t\t\t\t\t\t\t\t<\/div>\r\n\t\t\t\t\r\n\t\t<div class=\"tm-gallery-content-wrapper\">\r\n\t\t\t<div class=\"tm-gallery-content\">\r\n\t\t\t\t<div class=\"tm-gallery-content-inner\">\r\n\t\t\t\t\t\r\n\t\t\t<div class=\"icons-holder-inner\">\r\n\t\t\t\t<div class=\"styled-icons icon-dark icon-circled icon-theme-colored1\">\r\n\r\n\t\t\t\t\t\t\t\t\t\t<a class=\"lightgallery-trigger styled-icons-item\" data-exthumbimage=\"https:\/\/anaentreprise.fr\/wp-content\/uploads\/2022\/06\/1654438797859.jpg\" data-src=\"https:\/\/anaentreprise.fr\/wp-content\/uploads\/2022\/06\/1654438797859.jpg\" title=\"R\u00e9novation g\u00e9n\u00e9rale\" href=\"https:\/\/anaentreprise.fr\/wp-content\/uploads\/2022\/06\/1654438797859.jpg\"><i class=\"fa fa-plus\"><\/i><\/a>\r\n\t\t\t\t\t\r\n\t\t\t\t\t\t\t\t\t\t<a class=\"styled-icons-item\" title=\"R\u00e9novation g\u00e9n\u00e9rale\" href=\"https:\/\/anaentreprise.fr\/?gallery-items=gallery8\"><i class=\"fa fa-link\"><\/i><\/a>\r\n\t\t\t\t\t\t\t\t\t<\/div>\r\n\t\t\t<\/div>\t\t\t\t\t\t\t\t\t\t<div class=\"title-holder\">\r\n\t\t\t\t\t<h5 class=\"title\"><a href=\"https:\/\/anaentreprise.fr\/?gallery-items=gallery8\">R\u00e9novation g\u00e9n\u00e9rale<\/a><\/h5>\r\n\t\t\t\t\t<\/div>\r\n\t\t\t\t\t\t\t\t\t\t\t\t\t\t\t\t\t\t\t\t\r\n\t\t\t\t\t\t\t\t<\/div>\r\n\t\t\t<\/div>\r\n\t\t<\/div>\r\n\t<\/div>\t\t\t\t\t<\/div>\r\n\t\t\t\t<\/div>\r\n\t\t\t\t<!-- Isotope Item End -->\r\n\t\t\t\t\t\t\t\t<!-- end of the loop -->\r\n\t\t\t<\/div>\r\n\t\t<\/div>\r\n\t\t<!-- End Isotope Gallery Grid -->\r\n\t\t\t<\/div>\r\n\t\t\r\n\t\r\n\t\r\n[\/vc_column][\/vc_row]<\/p>\n","protected":false},"excerpt":{"rendered":"<p>[vc_row full_width=&#8221;stretch_row_content_no_spaces&#8221;][vc_column][\/vc_column][\/vc_row]<\/p>\n","protected":false},"author":1,"featured_media":0,"parent":480,"menu_order":0,"comment_status":"closed","ping_status":"closed","template":"","meta":{"_monsterinsights_skip_tracking":false,"_monsterinsights_sitenote_active":false,"_monsterinsights_sitenote_note":"","_monsterinsights_sitenote_category":0,"footnotes":""},"class_list":["post-2832","page","type-page","status-publish","hentry"],"_links":{"self":[{"href":"https:\/\/anaentreprise.fr\/index.php?rest_route=\/wp\/v2\/pages\/2832","targetHints":{"allow":["GET"]}}],"collection":[{"href":"https:\/\/anaentreprise.fr\/index.php?rest_route=\/wp\/v2\/pages"}],"about":[{"href":"https:\/\/anaentreprise.fr\/index.php?rest_route=\/wp\/v2\/types\/page"}],"author":[{"embeddable":true,"href":"https:\/\/anaentreprise.fr\/index.php?rest_route=\/wp\/v2\/users\/1"}],"replies":[{"embeddable":true,"href":"https:\/\/anaentreprise.fr\/index.php?rest_route=%2Fwp%2Fv2%2Fcomments&post=2832"}],"version-history":[{"count":3,"href":"https:\/\/anaentreprise.fr\/index.php?rest_route=\/wp\/v2\/pages\/2832\/revisions"}],"predecessor-version":[{"id":22030,"href":"https:\/\/anaentreprise.fr\/index.php?rest_route=\/wp\/v2\/pages\/2832\/revisions\/22030"}],"up":[{"embeddable":true,"href":"https:\/\/anaentreprise.fr\/index.php?rest_route=\/wp\/v2\/pages\/480"}],"wp:attachment":[{"href":"https:\/\/anaentreprise.fr\/index.php?rest_route=%2Fwp%2Fv2%2Fmedia&parent=2832"}],"curies":[{"name":"wp","href":"https:\/\/api.w.org\/{rel}","templated":true}]}}