{"id":22132,"date":"2022-06-28T17:33:00","date_gmt":"2022-06-28T15:33:00","guid":{"rendered":"https:\/\/anaentreprise.fr\/?page_id=22132"},"modified":"2022-06-28T17:33:02","modified_gmt":"2022-06-28T15:33:02","slug":"mentions-legales","status":"publish","type":"page","link":"https:\/\/anaentreprise.fr\/?page_id=22132","title":{"rendered":"Mentions l\u00e9gales"},"content":{"rendered":"\n<p><strong>Si\u00e8ge <\/strong>: <br>A.N.A Entreprise<br>1 RUE JULES VERNE 01100 BELLIGNAT<br>Num\u00e9ro de Siret : 90912851400017<\/p>\n\n\n\n<p><strong>Contenu du site<\/strong> : <br>Les informations contenues sur le site anaentreprise.fr sont mises \u00e0 jour p\u00e9riodiquement. Pour d\u00e9couvrir l\u2019ensemble des produits n\u2019h\u00e9sitez pas \u00e0 contacter notre \u00e9quipe commerciale au 07 71 08 35 02. <br>Les photographies et les coloris illustrant les produits n\u2019entrent dans aucun champ contractuel. Si des erreurs s\u2019y sont introduites, en aucun cas, la responsabilit\u00e9 de A.N.A Entreprise ne pourra \u00eatre engag\u00e9e. Le copyright des photos reproduites ici est \u00e9chu \u00e0 A.N.A Entreprise et les photos ne peuvent \u00eatre reproduites sans consentement pr\u00e9alable de A.N.A Entreprise. <\/p>\n\n\n\n<p><strong>Publication :<\/strong> <br>G\u00e9rant de la soci\u00e9t\u00e9 Directeur de la publication : MONSIEUR HACI ALI CETINTAS. Donn\u00e9es personnelles Les informations recueillies font l\u2019objet d\u2019un traitement informatique destin\u00e9 \u00e0 un fichier client. Le destinataire des donn\u00e9es est la soci\u00e9t\u00e9 A.N.A Entreprise. Conform\u00e9ment \u00e0 la loi \u00abinformatique et libert\u00e9s\u00bb du 6 janvier 1978, vous b\u00e9n\u00e9ficiez d\u2019un droit d\u2019acc\u00e8s et de rectification aux informations qui vous concernent. Si vous souhaitez exercer ce droit et obtenir communication des informations vous concernant, veuillez vous adresser \u00e0 : <br>A.N.A Entreprise, <br>1 RUE JULES VERNE 01100 BELLIGNAT France <br>T\u00e9l. : 07 71 08 35 02 <br>Email : contact@anaentreprise.fr <\/p>\n\n\n\n<p><strong>Droits de propri\u00e9t\u00e9 intellectuelle : <br><\/strong>Le site anaentreprise.fr est notre propri\u00e9t\u00e9. Toute reproduction int\u00e9grale ou partielle des \u00e9l\u00e9ments constitutifs de notre site et notamment des marques, logos, textes et photographies est strictement interdite. La reproduction, distribution ou utilisation notamment \u00e0 des fins commerciales de ces \u00e9l\u00e9ments pourra faire l\u2019objet de poursuites p\u00e9nales. La cr\u00e9ation ou l\u2019utilisation de liens hypertexte vers une ou plusieurs pages du site ou vers l\u2019un de ses \u00e9l\u00e9ments est interdite sauf autorisation pr\u00e9alable et \u00e9crite de St\u00e9phane Etanch\u00e9it\u00e9.<\/p>\n","protected":false},"excerpt":{"rendered":"<p>Si\u00e8ge : A.N.A Entreprise1 RUE JULES VERNE 01100 BELLIGNATNum\u00e9ro de Siret : 90912851400017 Contenu du site : Les informations contenues&#8230;<\/p>\n","protected":false},"author":1,"featured_media":0,"parent":0,"menu_order":0,"comment_status":"closed","ping_status":"closed","template":"","meta":{"_monsterinsights_skip_tracking":false,"_monsterinsights_sitenote_active":false,"_monsterinsights_sitenote_note":"","_monsterinsights_sitenote_category":0,"footnotes":""},"class_list":["post-22132","page","type-page","status-publish","hentry"],"_links":{"self":[{"href":"https:\/\/anaentreprise.fr\/index.php?rest_route=\/wp\/v2\/pages\/22132","targetHints":{"allow":["GET"]}}],"collection":[{"href":"https:\/\/anaentreprise.fr\/index.php?rest_route=\/wp\/v2\/pages"}],"about":[{"href":"https:\/\/anaentreprise.fr\/index.php?rest_route=\/wp\/v2\/types\/page"}],"author":[{"embeddable":true,"href":"https:\/\/anaentreprise.fr\/index.php?rest_route=\/wp\/v2\/users\/1"}],"replies":[{"embeddable":true,"href":"https:\/\/anaentreprise.fr\/index.php?rest_route=%2Fwp%2Fv2%2Fcomments&post=22132"}],"version-history":[{"count":1,"href":"https:\/\/anaentreprise.fr\/index.php?rest_route=\/wp\/v2\/pages\/22132\/revisions"}],"predecessor-version":[{"id":22133,"href":"https:\/\/anaentreprise.fr\/index.php?rest_route=\/wp\/v2\/pages\/22132\/revisions\/22133"}],"wp:attachment":[{"href":"https:\/\/anaentreprise.fr\/index.php?rest_route=%2Fwp%2Fv2%2Fmedia&parent=22132"}],"curies":[{"name":"wp","href":"https:\/\/api.w.org\/{rel}","templated":true}]}}