{"id":18468,"date":"2019-08-06T04:13:34","date_gmt":"2019-08-06T04:13:34","guid":{"rendered":"http:\/\/dev.kodesolution.work\/personal\/j\/industryee\/demo\/?page_id=18468"},"modified":"2022-09-14T22:56:45","modified_gmt":"2022-09-14T20:56:45","slug":"about-us-5","status":"publish","type":"page","link":"https:\/\/anaentreprise.fr\/?page_id=18468","title":{"rendered":"Qui sommes-nous"},"content":{"rendered":"<p>[vc_row full_width=&#8221;stretch_row&#8221; equal_height=&#8221;yes&#8221; content_placement=&#8221;middle&#8221; enable_overlay=&#8221;enable_overlay_value&#8221; overlay_color=&#8221;rgba(255,255,255,0.66)&#8221; el_class=&#8221;overflow-visible&#8221; paroller_image=&#8221;&#8221; css=&#8221;.vc_custom_1574749008443{padding-top: 90px !important;padding-bottom: 0px !important;}&#8221;][vc_column width=&#8221;1\/4&#8243;][vc_custom_heading text=&#8221;Nos comp\u00e9tences \u00e0 votre disposition&#8221; font_container=&#8221;tag:h4|text_align:left&#8221; use_theme_fonts=&#8221;yes&#8221; el_class=&#8221;text-theme-colored1&#8243;][vc_custom_heading text=&#8221;Faites nous confiances pour vos travaux de r\u00e9novation&#8221; font_container=&#8221;tag:h3|text_align:left&#8221; use_theme_fonts=&#8221;yes&#8221;][vc_column_text]Nous vous garantissons un travail professionnel de grande qualit\u00e9 au meilleur prix avec des d\u00e9lais respect\u00e9s ![\/vc_column_text][\/vc_column][vc_column width=&#8221;1\/4&#8243;]\r\n<div class=\"tm-sc tm-sc-icon-box icon-box icon-top tm-iconbox-icontype-image text-center iconbox-centered-in-responsive icon-position-icon-top border-1px  vc_custom_1656320327377\"  style=\"\">\r\n\t\r\n  \t<div class=\"icon-box-wrapper\">\r\n\t\t<div class=\"icon-wrapper\">\r\n\t\t\t\t\t\t\t\t\t<a class=\"icon icon-type-image  icon-default   \" \r\n\t\t\t\r\n\t\t\t\t\t\t\t\t>\r\n\t\t\t<img decoding=\"async\" src=\"https:\/\/anaentreprise.fr\/wp-content\/uploads\/2019\/11\/26.png\"  alt=\"Image\">\t\t<\/a>\r\n\t\t\t\t<\/div>\r\n\t\t<div class=\"icon-text\">\r\n\t\t\t\r\n\t\t\t\t<h4 class=\"icon-box-title \" >\r\n\t\t\t\t\t\t\tProfessionnalisme\t\t\t\t\t<\/h4>\r\n\t\t\t\t\t\r\n\t\t\t<div class=\"content\"><p>Personnel comp\u00e9tent et professionnel<br \/>\nFort des ann\u00e9es d\u2019exp\u00e9rience<\/p>\n<\/div>\t\t\t\r\n\t\t\t\t\t<\/div>\r\n\t\t<div class=\"clearfix\"><\/div>\r\n\t<\/div>\r\n<\/div>[\/vc_column][vc_column width=&#8221;1\/4&#8243;]\r\n<div class=\"tm-sc tm-sc-icon-box icon-box icon-top tm-iconbox-icontype-image text-center iconbox-centered-in-responsive icon-position-icon-top border-1px  vc_custom_1656320712885\"  style=\"\">\r\n\t\r\n  \t<div class=\"icon-box-wrapper\">\r\n\t\t<div class=\"icon-wrapper\">\r\n\t\t\t\t\t\t\t\t\t<a class=\"icon icon-type-image  icon-default   \" \r\n\t\t\t\r\n\t\t\t\t\t\t\t\t>\r\n\t\t\t<img decoding=\"async\" src=\"https:\/\/anaentreprise.fr\/wp-content\/uploads\/2019\/11\/23.png\"  alt=\"Image\">\t\t<\/a>\r\n\t\t\t\t<\/div>\r\n\t\t<div class=\"icon-text\">\r\n\t\t\t\r\n\t\t\t\t<h4 class=\"icon-box-title \" >\r\n\t\t\t\t\t\t\tQualit\u00e9 optimale\t\t\t\t\t<\/h4>\r\n\t\t\t\t\t\r\n\t\t\t<div class=\"content\"><p>Travail de A \u00e0 Z avec la plus grande rigueur.<br \/>\nNous utilisons que des mat\u00e9riaux de qualit\u00e9.<\/p>\n<\/div>\t\t\t\r\n\t\t\t\t\t<\/div>\r\n\t\t<div class=\"clearfix\"><\/div>\r\n\t<\/div>\r\n<\/div>[\/vc_column][vc_column width=&#8221;1\/4&#8243;]\r\n<div class=\"tm-sc tm-sc-icon-box icon-box icon-top tm-iconbox-icontype-image text-center iconbox-centered-in-responsive icon-position-icon-top border-1px  vc_custom_1656320818284\"  style=\"\">\r\n\t\r\n  \t<div class=\"icon-box-wrapper\">\r\n\t\t<div class=\"icon-wrapper\">\r\n\t\t\t\t\t\t\t\t\t<a class=\"icon icon-type-image  icon-default   \" \r\n\t\t\t\r\n\t\t\t\t\t\t\t\t>\r\n\t\t\t<img decoding=\"async\" src=\"https:\/\/anaentreprise.fr\/wp-content\/uploads\/2019\/11\/24.png\"  alt=\"Image\">\t\t<\/a>\r\n\t\t\t\t<\/div>\r\n\t\t<div class=\"icon-text\">\r\n\t\t\t\r\n\t\t\t\t<h4 class=\"icon-box-title \" >\r\n\t\t\t\t\t\t\tPragmatisme\t\t\t\t\t<\/h4>\r\n\t\t\t\t\t\r\n\t\t\t<div class=\"content\"><p>Nous vous garantissons un travail efficace sous un d\u00e9lais communiqu\u00e9 et ma\u00eetris\u00e9.<\/p>\n<\/div>\t\t\t\r\n\t\t\t\t\t<\/div>\r\n\t\t<div class=\"clearfix\"><\/div>\r\n\t<\/div>\r\n<\/div>[\/vc_column][\/vc_row][vc_row full_width=&#8221;stretch_row&#8221; equal_height=&#8221;yes&#8221; content_placement=&#8221;middle&#8221; enable_overlay=&#8221;enable_overlay_value&#8221; overlay_color=&#8221;rgba(255,255,255,0.66)&#8221; el_class=&#8221;overflow-visible&#8221; paroller_image=&#8221;&#8221; css=&#8221;.vc_custom_1570936811897{padding-top: 90px !important;}&#8221;][vc_column css=&#8221;.vc_custom_1568460870254{padding-top: 0px !important;}&#8221; offset=&#8221;vc_col-lg-6 vc_col-md-12&#8243; el_class=&#8221;mb-lg-60&#8243;][vc_single_image image=&#8221;21290&#8243; img_size=&#8221;large&#8221;][\/vc_column][vc_column css=&#8221;.vc_custom_1568011780545{padding-top: 0px !important;}&#8221; offset=&#8221;vc_col-lg-6 vc_col-md-12&#8243;][vc_custom_heading text=&#8221;Nous conna\u00eetre&#8221; font_container=&#8221;tag:h4|text_align:left&#8221; use_theme_fonts=&#8221;yes&#8221; el_class=&#8221;text-theme-colored1&#8243;][vc_custom_heading text=&#8221;A.N.A Entreprise effectue des travaux de r\u00e9novation depuis 2008.&#8221; use_theme_fonts=&#8221;yes&#8221;][vc_column_text]Fort de nos plus de 13 ann\u00e9es d\u2019exp\u00e9rience, l\u2019organisation de notre entreprise de r\u00e9novation permet de r\u00e9pondre aux contraintes techniques et fonctionnelles des m\u00e9tiers de la r\u00e9novation ext\u00e9rieure et int\u00e9rieure.[\/vc_column_text][vc_column_text]Nous vous garantissons un travail de haute qualit\u00e9 sous un d\u00e9lais de r\u00e9alisation respect\u00e9 pour votre enti\u00e8re satisfaction.[\/vc_column_text][vc_row_inner][vc_column_inner width=&#8221;1\/3&#8243;]\r\n\t<div class=\"tm-sc tm-sc-funfact funfact \">\r\n\t\t\t\t<div class=\"funfact-icon text-theme-colored1\">\r\n<i class=\"tm-flaticon-006-building\" ><\/i>\r\n<\/div>\t\t\t\t\r\n\t\t\t\t<h2 class=\"counter \" >\r\n\t<span class=\"animate-number\" data-value=\"140\" data-animation-duration=\"1500\">0<\/span><\/h2>\r\n\t\t\t\t\r\n\t\t\t\t<h4 class=\"title \" >Clients satisfaits<\/h4>\t\t\t\t\r\n\t\t\t\t\r\n\t\t<div class=\"funfact-content\">\r\n\t\t\t\t\t<\/div>\t\t\t<\/div>[\/vc_column_inner][vc_column_inner width=&#8221;1\/3&#8243;]\r\n\t<div class=\"tm-sc tm-sc-funfact funfact \">\r\n\t\t\t\t<div class=\"funfact-icon text-theme-colored1\">\r\n<i class=\"tm-flaticon-023-helmet\" ><\/i>\r\n<\/div>\t\t\t\t\r\n\t\t\t\t<h2 class=\"counter \" >\r\n\t<span class=\"animate-number\" data-value=\"5\" data-animation-duration=\"1500\">0<\/span><\/h2>\r\n\t\t\t\t\r\n\t\t\t\t<h4 class=\"title \" >Employ\u00e9s<\/h4>\t\t\t\t\r\n\t\t\t\t\r\n\t\t<div class=\"funfact-content\">\r\n\t\t\t\t\t<\/div>\t\t\t<\/div>[\/vc_column_inner][vc_column_inner width=&#8221;1\/3&#8243;]\r\n\t<div class=\"tm-sc tm-sc-funfact funfact \">\r\n\t\t\t\t<div class=\"funfact-icon text-theme-colored1\">\r\n<i class=\"tm-flaticon-019-excavator\" ><\/i>\r\n<\/div>\t\t\t\t\r\n\t\t\t\t<h2 class=\"counter \" >\r\n\t<span class=\"animate-number\" data-value=\"210\" data-animation-duration=\"1500\">0<\/span><\/h2>\r\n\t\t\t\t\r\n\t\t\t\t<h4 class=\"title \" >Travaux r\u00e9alis\u00e9s<\/h4>\t\t\t\t\r\n\t\t\t\t\r\n\t\t<div class=\"funfact-content\">\r\n\t\t\t\t\t<\/div>\t\t\t<\/div>[\/vc_column_inner][\/vc_row_inner][\/vc_column][\/vc_row][vc_row full_width=&#8221;stretch_row&#8221; css_animation=&#8221;none&#8221; paroller_image=&#8221;&#8221; el_class=&#8221;bg-silver-light&#8221;][vc_column css=&#8221;.vc_custom_1533360398048{padding-top: 0px !important;}&#8221;][vc_row_inner el_class=&#8221;bg-img-no-repeat bg-img-center-top&#8221;][vc_column_inner width=&#8221;1\/6&#8243;][\/vc_column_inner][vc_column_inner width=&#8221;2\/3&#8243; css=&#8221;.vc_custom_1568642238535{padding-top: 0px !important;background-position: 0 0 !important;background-repeat: no-repeat !important;}&#8221;]<div class=\"tm-sc tm-sc-section-title section-title section-title-style1 text-center  line-bottom-style4-attached-double-lines1  \">\r\n\t<div class=\"title-wrapper\">\r\n\t\t\t\t\t\t<h2 class=\"title \" style=\"line-height: 1\">\r\n\r\n\t\t\r\n\t\t\t\t<span class=\"\">Nos<\/span>\r\n\t\t\r\n\t\t\t\t<span class=\"text-theme-colored1\">Services<\/span>\r\n\t\t\r\n\t\t\t\t<span class=\"\">Professionnels<\/span>\r\n\t\t\r\n\t<\/h2>\r\n\t<div class=\"title-seperator-line\"><\/div>\t\t\t\r\n\t\t\t\t<div class=\"paragraph\">\r\n\t\t<p>Platerie \u2013 Peinture \u2013 Isolation \u2013 Rev\u00eatement de sol et de mur.<br \/>\nTous travaux de r\u00e9novation pour professionnels et particuliers.<\/p>\n\t<\/div>\r\n\t\t<\/div>\r\n<\/div>[\/vc_column_inner][vc_column_inner width=&#8221;1\/6&#8243;][\/vc_column_inner][\/vc_row_inner][vc_row_inner][vc_column_inner width=&#8221;1\/3&#8243; css=&#8221;.vc_custom_1574751651747{padding-top: 20px !important;padding-right: 20px !important;padding-bottom: 20px !important;padding-left: 20px !important;}&#8221;]\r\n<div class=\"tm-sc tm-sc-icon-box icon-box icon-top tm-iconbox-icontype-image text-center iconbox-centered-in-responsive icon-position-icon-top   vc_custom_1656434333495\"  style=\"\">\r\n\t\r\n  \t<div class=\"icon-box-wrapper\">\r\n\t\t<div class=\"icon-wrapper\">\r\n\t\t\t\t\t\t\t\t\t<a class=\"icon icon-type-image  icon-default   \" \r\n\t\t\t\r\n\t\t\t\t\t\t\t\t>\r\n\t\t\t<img decoding=\"async\" src=\"https:\/\/anaentreprise.fr\/wp-content\/uploads\/2019\/09\/bg20.jpg\"  alt=\"Image\">\t\t<\/a>\r\n\t\t\t\t<\/div>\r\n\t\t<div class=\"icon-text\">\r\n\t\t\t\r\n\t\t\t\t<h4 class=\"icon-box-title \" >\r\n\t\t\t\t\t\t\tPl\u00e2trerie - Peinture\t\t\t\t\t<\/h4>\r\n\t\t\t\t\t\r\n\t\t\t<div class=\"content\"><p>Vous avez besoin de travaux de pl\u00e2trerie et de peinture soign\u00e9s. Nos \u00e9tudes sont claires et sans \u00absurprises\u00bb.<\/p>\n<\/div>\t\t\t\r\n\t\t\t\t\t<\/div>\r\n\t\t<div class=\"clearfix\"><\/div>\r\n\t<\/div>\r\n<\/div>[\/vc_column_inner][vc_column_inner width=&#8221;1\/3&#8243; css=&#8221;.vc_custom_1574751760001{padding: 20px !important;}&#8221;]\r\n<div class=\"tm-sc tm-sc-icon-box icon-box icon-top tm-iconbox-icontype-image text-center iconbox-centered-in-responsive icon-position-icon-top   vc_custom_1656359512038\"  style=\"\">\r\n\t\r\n  \t<div class=\"icon-box-wrapper\">\r\n\t\t<div class=\"icon-wrapper\">\r\n\t\t\t\t\t\t\t\t\t<a class=\"icon icon-type-image  icon-default   \" \r\n\t\t\t\r\n\t\t\t\t\t\t\t\t>\r\n\t\t\t<img decoding=\"async\" src=\"https:\/\/anaentreprise.fr\/wp-content\/uploads\/2019\/11\/sr6.jpg\"  alt=\"Image\">\t\t<\/a>\r\n\t\t\t\t<\/div>\r\n\t\t<div class=\"icon-text\">\r\n\t\t\t\r\n\t\t\t\t<h4 class=\"icon-box-title \" >\r\n\t\t\t\t\t\t\tRev\u00eatement sol et mur\t\t\t\t\t<\/h4>\r\n\t\t\t\t\t\r\n\t\t\t<div class=\"content\"><p>Pose de tous types de mat\u00e9riaux de haute qualit\u00e9.<br \/>\nR\u00e9alisations et finitions superbes garantis.<\/p>\n<\/div>\t\t\t\r\n\t\t\t\t\t<\/div>\r\n\t\t<div class=\"clearfix\"><\/div>\r\n\t<\/div>\r\n<\/div>[\/vc_column_inner][vc_column_inner width=&#8221;1\/3&#8243; css=&#8221;.vc_custom_1574751771816{padding: 20px !important;}&#8221;]\r\n<div class=\"tm-sc tm-sc-icon-box icon-box icon-top tm-iconbox-icontype-image text-center iconbox-centered-in-responsive icon-position-icon-top   vc_custom_1656359562222\"  style=\"\">\r\n\t\r\n  \t<div class=\"icon-box-wrapper\">\r\n\t\t<div class=\"icon-wrapper\">\r\n\t\t\t\t\t\t\t\t\t<a class=\"icon icon-type-image  icon-default   \" \r\n\t\t\t\r\n\t\t\t\t\t\t\t\t>\r\n\t\t\t<img decoding=\"async\" src=\"https:\/\/anaentreprise.fr\/wp-content\/uploads\/2019\/09\/bg15.jpg\"  alt=\"Image\">\t\t<\/a>\r\n\t\t\t\t<\/div>\r\n\t\t<div class=\"icon-text\">\r\n\t\t\t\r\n\t\t\t\t<h4 class=\"icon-box-title \" >\r\n\t\t\t\t\t\t\tIsolation\t\t\t\t\t<\/h4>\r\n\t\t\t\t\t\r\n\t\t\t<div class=\"content\"><p>Diminuez votre facture \u00e9nerg\u00e9tique (gaz et \u00e9lectricit\u00e9) avec une isolation int\u00e9rieur et ext\u00e9rieur optimales.<\/p>\n<\/div>\t\t\t\r\n\t\t\t\t\t<\/div>\r\n\t\t<div class=\"clearfix\"><\/div>\r\n\t<\/div>\r\n<\/div>[\/vc_column_inner][\/vc_row_inner][vc_empty_space][vc_column_text]<\/p>\n<h5 style=\"text-align: center;\">Demandez-nous d\u00e8s maintenant un devis gratuitement pour vos travaux de r\u00e9novation<\/h5>\n<p>[\/vc_column_text]<div class=\"tm-sc tm-sc-button text-center  \">\r\n\t<a  href=\"https:\/\/anaentreprise.fr\/?page_id=490\" \r\n\t\ttarget=\"_self\"\r\n\t\tclass=\"btn btn-theme-colored1 btn-round\">\r\n\t\t\t\tJe demande un Devis Rapide au Meilleur Prix\t\t\t<\/a>\r\n<\/div>[\/vc_column][\/vc_row][vc_row full_width=&#8221;stretch_row_content_no_spaces&#8221; css=&#8221;.vc_custom_1663188932823{padding-top: 0px !important;padding-bottom: 0px !important;background-image: url(https:\/\/anaentreprise.fr\/wp-content\/uploads\/2019\/09\/bg9.jpg?id=20263) !important;}&#8221; paroller_image=&#8221;&#8221;][vc_column css=&#8221;.vc_custom_1557511099918{padding-top: 0px !important;}&#8221;]<div class=\" bg-img-cover bg-img-left  vc_custom_1570718035188 tm-sc tm-sc-custom-columns-holder tm-cc-two-columns tm-cc-responsive-mode-1280\"><div class=\"tm-sc tm-sc-custom-columns-holder-item    \" data-item-class=\"renovat-mascot-custom-columns-842635\">\r\n\t\t<div class=\"item-inner\">\r\n\t\t<div class=\"item-content renovat-mascot-custom-columns-842635\" style=\"padding: 0\">\r\n\t\t\t[vc_empty_space height=&#8221;250px&#8221;]\t\t<\/div>\r\n\t<\/div>\r\n<\/div><div class=\"tm-sc tm-sc-custom-columns-holder-item  section-typo-light bg-img-left  vc_custom_1570851346159\" data-item-class=\"renovat-mascot-custom-columns-531380\" data-1199-down=\"80px 10% 100px 10%\">\r\n\t\t<div class=\"item-inner\">\r\n\t\t<div class=\"item-content renovat-mascot-custom-columns-531380\" style=\"padding: 80px 25% 90px 10%\">\r\n\t\t\t[vc_column_text css=&#8221;.vc_custom_1656319568120{margin-bottom: 25px !important;}&#8221;]<\/p>\n<h2>Nous avons plus de 13 ann\u00e9es d&#8217;exp\u00e9rience professionnelles<\/h2>\n<p>[\/vc_column_text][vc_column_text]Nous mettons un point d\u2019honneur sur la qualit\u00e9 de nos services. Ainsi, nous r\u00e9alisons avec la plus grande rigueur chacune de nos r\u00e9alisations.<\/p>\n<p>Qualit\u00e9, R\u00e9activit\u00e9 et professionnalisme garantis.[\/vc_column_text]<div class=\"tm-sc tm-sc-progress-bar progress-bar-fixed-right-percent mb-20\" data-percent=\"95\" data-unit-left=\"\" data-unit-right=\"%\" data-bar-height=\"\" >\r\n\t<div class=\"progress-title-holder\">\r\n\t\t<h6 class=\"pb-title\">Platerie et Peinture<\/h6>\r\n\t\t<span class=\"percent\"><span class=\"symbol-left\"><\/span><span class=\"value\">95<\/span><span class=\"symbol-right\">%<\/span><\/span>\r\n\t<\/div>\r\n\t<div class=\"progress-holder\" >\r\n\t\t<div class=\"progress-content\"><\/div>\r\n\t<\/div>\r\n<\/div>[vc_empty_space height=&#8221;20px&#8221;]<div class=\"tm-sc tm-sc-progress-bar progress-bar-fixed-right-percent mb-20\" data-percent=\"95\" data-unit-left=\"\" data-unit-right=\"%\" data-bar-height=\"\" >\r\n\t<div class=\"progress-title-holder\">\r\n\t\t<h6 class=\"pb-title\">Isolation int\u00e9rieur et ext\u00e9rieur<\/h6>\r\n\t\t<span class=\"percent\"><span class=\"symbol-left\"><\/span><span class=\"value\">95<\/span><span class=\"symbol-right\">%<\/span><\/span>\r\n\t<\/div>\r\n\t<div class=\"progress-holder\" >\r\n\t\t<div class=\"progress-content\"><\/div>\r\n\t<\/div>\r\n<\/div>[vc_empty_space height=&#8221;20px&#8221;]<div class=\"tm-sc tm-sc-progress-bar progress-bar-fixed-right-percent mb-20\" data-percent=\"95\" data-unit-left=\"\" data-unit-right=\"%\" data-bar-height=\"\" >\r\n\t<div class=\"progress-title-holder\">\r\n\t\t<h6 class=\"pb-title\">Rev\u00eatement sol et mur<\/h6>\r\n\t\t<span class=\"percent\"><span class=\"symbol-left\"><\/span><span class=\"value\">95<\/span><span class=\"symbol-right\">%<\/span><\/span>\r\n\t<\/div>\r\n\t<div class=\"progress-holder\" >\r\n\t\t<div class=\"progress-content\"><\/div>\r\n\t<\/div>\r\n<\/div>\t\t<\/div>\r\n\t<\/div>\r\n<\/div><\/div>[\/vc_column][\/vc_row][vc_row full_width=&#8221;stretch_row&#8221; add_bg_overlay=&#8221;yes&#8221; bg_overlay_color=&#8221;theme-colored1&#8243; bg_overlay_color_opacity=&#8221;5&#8243; bg_type=&#8221;image&#8221; parallax_style=&#8221;vcpb-default&#8221; bg_image_new=&#8221;id^20533|url^http:\/\/wp.kodesolution.live\/corporate\/business\/renovat\/v2\/wp-content\/uploads\/sites\/8\/2019\/09\/side-bg1.jpg|caption^null|alt^null|title^side-bg1|description^null&#8221; enable_overlay=&#8221;enable_overlay_value&#8221; overlay_color=&#8221;rgba(0,44,66,0.8)&#8221; paroller_image=&#8221;&#8221;][vc_column css=&#8221;.vc_custom_1552847049779{padding-top: 0px !important;}&#8221;][vc_row_inner el_class=&#8221;p-50 pt-70 pb-70 p-sm-20 pt-sm-40 pb-sm-40 box-shadow-50&#8243; css=&#8221;.vc_custom_1570735617126{background-color: #ffffff !important;}&#8221;][vc_column_inner el_class=&#8221;mb-sm-60&#8243; width=&#8221;1\/2&#8243; css=&#8221;.vc_custom_1570735731710{padding-top: 0px !important;}&#8221;][vc_column_text css=&#8221;.vc_custom_1656319460807{margin-bottom: 20px !important;}&#8221;]<\/p>\n<h3>R\u00e9alisez vos travaux de r\u00e9novation aux Meilleurs Prix<\/h3>\n<p>[\/vc_column_text][vc_column_text]Travail professionnel avec des mat\u00e9riaux de qualit\u00e9.[\/vc_column_text][vc_custom_heading text=&#8221;Email&#8221; font_container=&#8221;tag:h5|text_align:left&#8221; use_theme_fonts=&#8221;yes&#8221; el_class=&#8221;font-weight-800&#8243;][vc_custom_heading text=&#8221;contact@anaentreprise.fr&#8221; font_container=&#8221;tag:h4|font_size:18px|text_align:left&#8221; use_theme_fonts=&#8221;yes&#8221; el_class=&#8221;text-gray-darkgray font-weight-500&#8243; link=&#8221;url:maito%3Acontact%40anaentreprise.fr&#8221;][vc_empty_space height=&#8221;12px&#8221;][vc_custom_heading text=&#8221;T\u00e9l\u00e9phone&#8221; font_container=&#8221;tag:h5|text_align:left&#8221; use_theme_fonts=&#8221;yes&#8221; el_class=&#8221;font-weight-800&#8243;][vc_custom_heading text=&#8221;07 71 08 35 02&#8243; font_container=&#8221;tag:h4|font_size:18px|text_align:left&#8221; use_theme_fonts=&#8221;yes&#8221; el_class=&#8221;text-gray-darkgray font-weight-500&#8243;][vc_empty_space height=&#8221;12px&#8221;][vc_custom_heading text=&#8221;Adresse&#8221; font_container=&#8221;tag:h5|text_align:left&#8221; use_theme_fonts=&#8221;yes&#8221; el_class=&#8221;font-weight-800&#8243;][vc_custom_heading text=&#8221;1 RUE JULES VERNE 01100 BELLIGNAT&#8221; font_container=&#8221;tag:h4|font_size:18px|text_align:left&#8221; use_theme_fonts=&#8221;yes&#8221; el_class=&#8221;text-gray-darkgray font-weight-500&#8243;][\/vc_column_inner][vc_column_inner width=&#8221;1\/2&#8243; css=&#8221;.vc_custom_1570735204628{padding-top: 0px !important;}&#8221;]<div role=\"form\" class=\"wpcf7\" id=\"wpcf7-f20639-o1\" lang=\"en-US\" dir=\"ltr\">\n<div class=\"screen-reader-response\"><p role=\"status\" aria-live=\"polite\" aria-atomic=\"true\"><\/p> <ul><\/ul><\/div>\n<form action=\"\/index.php?rest_route=%2Fwp%2Fv2%2Fpages%2F18468#wpcf7-f20639-o1\" method=\"post\" class=\"wpcf7-form init\" novalidate=\"novalidate\" data-status=\"init\">\n<div style=\"display: none;\">\n<input type=\"hidden\" name=\"_wpcf7\" value=\"20639\" \/>\n<input type=\"hidden\" name=\"_wpcf7_version\" value=\"5.5.6.1\" \/>\n<input type=\"hidden\" name=\"_wpcf7_locale\" value=\"en_US\" \/>\n<input type=\"hidden\" name=\"_wpcf7_unit_tag\" value=\"wpcf7-f20639-o1\" \/>\n<input type=\"hidden\" name=\"_wpcf7_container_post\" value=\"0\" \/>\n<input type=\"hidden\" name=\"_wpcf7_posted_data_hash\" value=\"\" \/>\n<\/div>\n<div class=\"tm-contact-form-transparent pr-0\">\n<div class=\"row\">\n<div class=\"col-md-6\">\n\t    <span class=\"wpcf7-form-control-wrap your-name\"><input type=\"text\" name=\"your-name\" value=\"\" size=\"40\" class=\"wpcf7-form-control wpcf7-text wpcf7-validates-as-required\" aria-required=\"true\" aria-invalid=\"false\" placeholder=\"Nom Pr\u00e9nom*\" \/><\/span>\n\t<\/div>\n<div class=\"col-md-6\">\n\t    <span class=\"wpcf7-form-control-wrap your-email\"><input type=\"email\" name=\"your-email\" value=\"\" size=\"40\" class=\"wpcf7-form-control wpcf7-text wpcf7-email wpcf7-validates-as-required wpcf7-validates-as-email\" aria-required=\"true\" aria-invalid=\"false\" placeholder=\"Email*\" \/><\/span>\n\t<\/div>\n<div class=\"col-md-6\">\n\t    <span class=\"wpcf7-form-control-wrap your-phone\"><input type=\"text\" name=\"your-phone\" value=\"\" size=\"40\" class=\"wpcf7-form-control wpcf7-text wpcf7-validates-as-required\" aria-required=\"true\" aria-invalid=\"false\" placeholder=\"T\u00e9l\u00e9phone*\" \/><\/span>\n\t<\/div>\n<div class=\"col-md-6\">\n\t    <span class=\"wpcf7-form-control-wrap your-subject\"><input type=\"text\" name=\"your-subject\" value=\"\" size=\"40\" class=\"wpcf7-form-control wpcf7-text\" aria-invalid=\"false\" placeholder=\"Sujet\" \/><\/span>\n\t<\/div>\n<div class=\"col-md-12\">\n            <span class=\"wpcf7-form-control-wrap textarea\"><textarea name=\"textarea\" cols=\"40\" rows=\"3\" class=\"wpcf7-form-control wpcf7-textarea wpcf7-validates-as-required\" aria-required=\"true\" aria-invalid=\"false\" placeholder=\"Message*\"><\/textarea><\/span>\n\t<\/div>\n<div class=\"col-md-12\">\n\t\t<input type=\"submit\" value=\"Envoyer\" class=\"wpcf7-form-control has-spinner wpcf7-submit btn btn-theme-colored1 btn-round\" \/>\n\t<\/div>\n<\/div>\n<\/div>\n<p style=\"display: none !important;\"><label>&#916;<textarea name=\"_wpcf7_ak_hp_textarea\" cols=\"45\" rows=\"8\" maxlength=\"100\"><\/textarea><\/label><input type=\"hidden\" id=\"ak_js\" name=\"_wpcf7_ak_js\" value=\"132\"\/><script>document.getElementById( \"ak_js\" ).setAttribute( \"value\", ( new Date() ).getTime() );<\/script><\/p><div class=\"wpcf7-response-output\" aria-hidden=\"true\"><\/div><\/form><\/div>[\/vc_column_inner][\/vc_row_inner][\/vc_column][\/vc_row]<\/p>\n","protected":false},"excerpt":{"rendered":"<p>[vc_row full_width=&#8221;stretch_row&#8221; equal_height=&#8221;yes&#8221; content_placement=&#8221;middle&#8221; enable_overlay=&#8221;enable_overlay_value&#8221; overlay_color=&#8221;rgba(255,255,255,0.66)&#8221; el_class=&#8221;overflow-visible&#8221; paroller_image=&#8221;&#8221; css=&#8221;.vc_custom_1574749008443{padding-top: 90px !important;padding-bottom: 0px !important;}&#8221;][vc_column width=&#8221;1\/4&#8243;][vc_custom_heading text=&#8221;Nos comp\u00e9tences \u00e0 votre disposition&#8221; font_container=&#8221;tag:h4|text_align:left&#8221;&#8230;<\/p>\n","protected":false},"author":1,"featured_media":0,"parent":18867,"menu_order":0,"comment_status":"closed","ping_status":"closed","template":"","meta":{"_monsterinsights_skip_tracking":false,"_monsterinsights_sitenote_active":false,"_monsterinsights_sitenote_note":"","_monsterinsights_sitenote_category":0,"footnotes":""},"class_list":["post-18468","page","type-page","status-publish","hentry"],"_links":{"self":[{"href":"https:\/\/anaentreprise.fr\/index.php?rest_route=\/wp\/v2\/pages\/18468","targetHints":{"allow":["GET"]}}],"collection":[{"href":"https:\/\/anaentreprise.fr\/index.php?rest_route=\/wp\/v2\/pages"}],"about":[{"href":"https:\/\/anaentreprise.fr\/index.php?rest_route=\/wp\/v2\/types\/page"}],"author":[{"embeddable":true,"href":"https:\/\/anaentreprise.fr\/index.php?rest_route=\/wp\/v2\/users\/1"}],"replies":[{"embeddable":true,"href":"https:\/\/anaentreprise.fr\/index.php?rest_route=%2Fwp%2Fv2%2Fcomments&post=18468"}],"version-history":[{"count":14,"href":"https:\/\/anaentreprise.fr\/index.php?rest_route=\/wp\/v2\/pages\/18468\/revisions"}],"predecessor-version":[{"id":22139,"href":"https:\/\/anaentreprise.fr\/index.php?rest_route=\/wp\/v2\/pages\/18468\/revisions\/22139"}],"up":[{"embeddable":true,"href":"https:\/\/anaentreprise.fr\/index.php?rest_route=\/wp\/v2\/pages\/18867"}],"wp:attachment":[{"href":"https:\/\/anaentreprise.fr\/index.php?rest_route=%2Fwp%2Fv2%2Fmedia&parent=18468"}],"curies":[{"name":"wp","href":"https:\/\/api.w.org\/{rel}","templated":true}]}}